{"id":217,"date":"2022-06-20T08:29:08","date_gmt":"2022-06-20T08:29:08","guid":{"rendered":"https:\/\/www.palazzotirsocagliari.com\/?page_id=217"},"modified":"2025-01-23T09:18:28","modified_gmt":"2025-01-23T09:18:28","slug":"homepage","status":"publish","type":"page","link":"https:\/\/www.palazzotirsocagliari.com\/fr\/","title":{"rendered":"Homepage"},"content":{"rendered":"<p>Palazzo Tirso allie de mani\u00e8re unique le charme historique de Cagliari avec un design moderne et \u00e9l\u00e9gant, se distinguant comme un symbole du patrimoine et du style contemporain. En tant qu&rsquo;h\u00f4tel-boutique 5 \u00e9toiles, il offre une vue extraordinaire sur la beaut\u00e9 architecturale de la ville et la pr\u00e9sence constante de la mer. Nich\u00e9 \u00e0 proximit\u00e9 du front de mer, le Palazzo Tirso offre un havre de luxe permettant aux clients de d\u00e9couvrir la v\u00e9ritable essence de Cagliari.<\/p>\n<p>Plongez dans un confort in\u00e9gal\u00e9 au sein des 85 chambres sophistiqu\u00e9es de l&rsquo;h\u00f4tel. Savourez une cuisine d\u00e9licieuse dans deux restaurants \u00e9l\u00e9gants : l&rsquo;un propose des plats gastronomiques, l&rsquo;autre est un havre de paix sur le toit offrant une vue imprenable sur la ville et la mer. D\u00e9tendez-vous dans le c\u00e9l\u00e8bre spa de L&rsquo;Occitane ou faites le plein d&rsquo;\u00e9nergie dans la salle de sport ultramoderne.<\/p>\n<p>Palazzo Tirso r\u00e9pond \u00e9galement aux besoins des entreprises avec 3 salles de r\u00e9union bien am\u00e9nag\u00e9es, baign\u00e9es de lumi\u00e8re naturelle, pouvant accueillir jusqu&rsquo;\u00e0 90 personnes. Pour une exp\u00e9rience vraiment inoubliable, embarquez pour des excursions priv\u00e9es ou en groupe \u00e0 bord de notre propre catamaran.<\/p>\n","protected":false},"excerpt":{"rendered":"<p>Palazzo Tirso allie de mani\u00e8re unique le charme historique de Cagliari avec un design moderne et \u00e9l\u00e9gant, se distinguant comme un symbole du patrimoine et du style contemporain. En tant qu&rsquo;h\u00f4tel-boutique 5 \u00e9toiles, il offre une vue extraordinaire sur la beaut\u00e9 architecturale de la ville et la pr\u00e9sence constante de la mer. Nich\u00e9 \u00e0 proximit\u00e9 [&hellip;]<\/p>\n","protected":false},"author":40,"featured_media":0,"parent":0,"menu_order":0,"comment_status":"closed","ping_status":"closed","template":"","meta":{"footnotes":""},"categories":[],"class_list":["post-217","page","type-page","status-publish","hentry"],"acf":[],"yoast_head":"<!-- This site is optimized with the Yoast SEO plugin v26.9 - https:\/\/yoast.com\/product\/yoast-seo-wordpress\/ -->\n<title>Homepage - Hotel Palazzo Tirso Cagliari - MGallery -<\/title>\n<meta name=\"description\" content=\"Palazzo Tirso allie de mani\u00e8re unique le charme historique de Cagliari avec un design moderne et \u00e9l\u00e9gant, se distinguant comme un symbole du patrimoine et du style contemporain. En tant qu&#039;h\u00f4tel-boutique 5 \u00e9toiles, il offre une vue extraordinaire sur la beaut\u00e9 architecturale de la ville et la pr\u00e9sence constante de la mer\" \/>\n<meta name=\"robots\" content=\"index, follow, max-snippet:-1, max-image-preview:large, max-video-preview:-1\" \/>\n<link rel=\"canonical\" href=\"https:\/\/www.palazzotirsocagliari.com\/fr\/\" \/>\n<meta property=\"og:locale\" content=\"fr_FR\" \/>\n<meta property=\"og:type\" content=\"article\" \/>\n<meta property=\"og:title\" content=\"Homepage - Hotel Palazzo Tirso Cagliari - MGallery -\" \/>\n<meta property=\"og:description\" content=\"Palazzo Tirso allie de mani\u00e8re unique le charme historique de Cagliari avec un design moderne et \u00e9l\u00e9gant, se distinguant comme un symbole du patrimoine et du style contemporain. En tant qu&#039;h\u00f4tel-boutique 5 \u00e9toiles, il offre une vue extraordinaire sur la beaut\u00e9 architecturale de la ville et la pr\u00e9sence constante de la mer\" \/>\n<meta property=\"og:url\" content=\"https:\/\/www.palazzotirsocagliari.com\/fr\/\" \/>\n<meta property=\"og:site_name\" content=\"Hotel Palazzo Tirso Cagliari - MGallery\" \/>\n<meta property=\"article:modified_time\" content=\"2025-01-23T09:18:28+00:00\" \/>\n<meta property=\"og:image\" content=\"https:\/\/www.palazzotirsocagliari.com\/wp-content\/uploads\/sites\/15\/2023\/11\/og_slide.jpg\" \/>\n\t<meta property=\"og:image:width\" content=\"2200\" \/>\n\t<meta property=\"og:image:height\" content=\"1200\" \/>\n\t<meta property=\"og:image:type\" content=\"image\/jpeg\" \/>\n<meta name=\"twitter:card\" content=\"summary_large_image\" \/>\n<meta name=\"twitter:label1\" content=\"Dur\u00e9e de lecture est.\" \/>\n\t<meta name=\"twitter:data1\" content=\"1 minute\" \/>\n<script type=\"application\/ld+json\" class=\"yoast-schema-graph\">{\"@context\":\"https:\/\/schema.org\",\"@graph\":[{\"@type\":\"WebPage\",\"@id\":\"https:\/\/www.palazzotirsocagliari.com\/fr\/\",\"url\":\"https:\/\/www.palazzotirsocagliari.com\/fr\/\",\"name\":\"Homepage - Hotel Palazzo Tirso Cagliari - MGallery -\",\"isPartOf\":{\"@id\":\"https:\/\/www.palazzotirsocagliari.com\/#website\"},\"datePublished\":\"2022-06-20T08:29:08+00:00\",\"dateModified\":\"2025-01-23T09:18:28+00:00\",\"description\":\"Palazzo Tirso allie de mani\u00e8re unique le charme historique de Cagliari avec un design moderne et \u00e9l\u00e9gant, se distinguant comme un symbole du patrimoine et du style contemporain. En tant qu'h\u00f4tel-boutique 5 \u00e9toiles, il offre une vue extraordinaire sur la beaut\u00e9 architecturale de la ville et la pr\u00e9sence constante de la mer\",\"breadcrumb\":{\"@id\":\"https:\/\/www.palazzotirsocagliari.com\/fr\/#breadcrumb\"},\"inLanguage\":\"fr-FR\",\"potentialAction\":[{\"@type\":\"ReadAction\",\"target\":[\"https:\/\/www.palazzotirsocagliari.com\/fr\/\"]}]},{\"@type\":\"BreadcrumbList\",\"@id\":\"https:\/\/www.palazzotirsocagliari.com\/fr\/#breadcrumb\",\"itemListElement\":[{\"@type\":\"ListItem\",\"position\":1,\"name\":\"Home\",\"item\":\"https:\/\/www.palazzotirsocagliari.com\/fr\/\"},{\"@type\":\"ListItem\",\"position\":2,\"name\":\"Homepage\"}]},{\"@type\":\"WebSite\",\"@id\":\"https:\/\/www.palazzotirsocagliari.com\/#website\",\"url\":\"https:\/\/www.palazzotirsocagliari.com\/\",\"name\":\"Hotel Palazzo Tirso Cagliari - MGallery\",\"description\":\"Just another D-Edge Accor V2 Sites Hosting site\",\"potentialAction\":[{\"@type\":\"SearchAction\",\"target\":{\"@type\":\"EntryPoint\",\"urlTemplate\":\"https:\/\/www.palazzotirsocagliari.com\/?s={search_term_string}\"},\"query-input\":{\"@type\":\"PropertyValueSpecification\",\"valueRequired\":true,\"valueName\":\"search_term_string\"}}],\"inLanguage\":\"fr-FR\"}]}<\/script>\n<!-- \/ Yoast SEO plugin. -->","yoast_head_json":{"title":"Homepage - Hotel Palazzo Tirso Cagliari - MGallery -","description":"Palazzo Tirso allie de mani\u00e8re unique le charme historique de Cagliari avec un design moderne et \u00e9l\u00e9gant, se distinguant comme un symbole du patrimoine et du style contemporain. En tant qu'h\u00f4tel-boutique 5 \u00e9toiles, il offre une vue extraordinaire sur la beaut\u00e9 architecturale de la ville et la pr\u00e9sence constante de la mer","robots":{"index":"index","follow":"follow","max-snippet":"max-snippet:-1","max-image-preview":"max-image-preview:large","max-video-preview":"max-video-preview:-1"},"canonical":"https:\/\/www.palazzotirsocagliari.com\/fr\/","og_locale":"fr_FR","og_type":"article","og_title":"Homepage - Hotel Palazzo Tirso Cagliari - MGallery -","og_description":"Palazzo Tirso allie de mani\u00e8re unique le charme historique de Cagliari avec un design moderne et \u00e9l\u00e9gant, se distinguant comme un symbole du patrimoine et du style contemporain. En tant qu'h\u00f4tel-boutique 5 \u00e9toiles, il offre une vue extraordinaire sur la beaut\u00e9 architecturale de la ville et la pr\u00e9sence constante de la mer","og_url":"https:\/\/www.palazzotirsocagliari.com\/fr\/","og_site_name":"Hotel Palazzo Tirso Cagliari - MGallery","article_modified_time":"2025-01-23T09:18:28+00:00","og_image":[{"width":2200,"height":1200,"url":"https:\/\/www.palazzotirsocagliari.com\/wp-content\/uploads\/sites\/15\/2023\/11\/og_slide.jpg","type":"image\/jpeg"}],"twitter_card":"summary_large_image","twitter_misc":{"Dur\u00e9e de lecture est.":"1 minute"},"schema":{"@context":"https:\/\/schema.org","@graph":[{"@type":"WebPage","@id":"https:\/\/www.palazzotirsocagliari.com\/fr\/","url":"https:\/\/www.palazzotirsocagliari.com\/fr\/","name":"Homepage - Hotel Palazzo Tirso Cagliari - MGallery -","isPartOf":{"@id":"https:\/\/www.palazzotirsocagliari.com\/#website"},"datePublished":"2022-06-20T08:29:08+00:00","dateModified":"2025-01-23T09:18:28+00:00","description":"Palazzo Tirso allie de mani\u00e8re unique le charme historique de Cagliari avec un design moderne et \u00e9l\u00e9gant, se distinguant comme un symbole du patrimoine et du style contemporain. En tant qu'h\u00f4tel-boutique 5 \u00e9toiles, il offre une vue extraordinaire sur la beaut\u00e9 architecturale de la ville et la pr\u00e9sence constante de la mer","breadcrumb":{"@id":"https:\/\/www.palazzotirsocagliari.com\/fr\/#breadcrumb"},"inLanguage":"fr-FR","potentialAction":[{"@type":"ReadAction","target":["https:\/\/www.palazzotirsocagliari.com\/fr\/"]}]},{"@type":"BreadcrumbList","@id":"https:\/\/www.palazzotirsocagliari.com\/fr\/#breadcrumb","itemListElement":[{"@type":"ListItem","position":1,"name":"Home","item":"https:\/\/www.palazzotirsocagliari.com\/fr\/"},{"@type":"ListItem","position":2,"name":"Homepage"}]},{"@type":"WebSite","@id":"https:\/\/www.palazzotirsocagliari.com\/#website","url":"https:\/\/www.palazzotirsocagliari.com\/","name":"Hotel Palazzo Tirso Cagliari - MGallery","description":"Just another D-Edge Accor V2 Sites Hosting site","potentialAction":[{"@type":"SearchAction","target":{"@type":"EntryPoint","urlTemplate":"https:\/\/www.palazzotirsocagliari.com\/?s={search_term_string}"},"query-input":{"@type":"PropertyValueSpecification","valueRequired":true,"valueName":"search_term_string"}}],"inLanguage":"fr-FR"}]}},"_links":{"self":[{"href":"https:\/\/www.palazzotirsocagliari.com\/fr\/wp-json\/wp\/v2\/pages\/217","targetHints":{"allow":["GET"]}}],"collection":[{"href":"https:\/\/www.palazzotirsocagliari.com\/fr\/wp-json\/wp\/v2\/pages"}],"about":[{"href":"https:\/\/www.palazzotirsocagliari.com\/fr\/wp-json\/wp\/v2\/types\/page"}],"author":[{"embeddable":true,"href":"https:\/\/www.palazzotirsocagliari.com\/fr\/wp-json\/wp\/v2\/users\/40"}],"replies":[{"embeddable":true,"href":"https:\/\/www.palazzotirsocagliari.com\/fr\/wp-json\/wp\/v2\/comments?post=217"}],"version-history":[{"count":0,"href":"https:\/\/www.palazzotirsocagliari.com\/fr\/wp-json\/wp\/v2\/pages\/217\/revisions"}],"wp:attachment":[{"href":"https:\/\/www.palazzotirsocagliari.com\/fr\/wp-json\/wp\/v2\/media?parent=217"}],"wp:term":[{"taxonomy":"category","embeddable":true,"href":"https:\/\/www.palazzotirsocagliari.com\/fr\/wp-json\/wp\/v2\/categories?post=217"}],"curies":[{"name":"wp","href":"https:\/\/api.w.org\/{rel}","templated":true}]}}