{"id":221,"date":"2022-06-20T08:36:37","date_gmt":"2022-06-20T08:36:37","guid":{"rendered":"https:\/\/www.palazzotirsocagliari.com\/?page_id=221"},"modified":"2024-03-12T15:56:26","modified_gmt":"2024-03-12T15:56:26","slug":"premium-suite","status":"publish","type":"page","link":"https:\/\/www.palazzotirsocagliari.com\/fr\/chambres-suites\/premium-suite\/","title":{"rendered":"Privilege Suite"},"content":{"rendered":"<p><span data-sheets-root=\"1\" data-sheets-value=\"{&quot;1&quot;:2,&quot;2&quot;:&quot;Vivez le luxe de nos suites Privil\u00e8ge, d'\u00e9l\u00e9gants duplex avec grand salon, deux salles de bain et une magnifique chambre double. Les meubles de designer et l\u2019\u00e9clairage innovant composent un havre intime et accueillant.&quot;}\" data-sheets-userformat=\"{&quot;2&quot;:15201,&quot;3&quot;:{&quot;1&quot;:0},&quot;8&quot;:{&quot;1&quot;:[{&quot;1&quot;:2,&quot;2&quot;:0,&quot;5&quot;:{&quot;1&quot;:2,&quot;2&quot;:0}},{&quot;1&quot;:0,&quot;2&quot;:0,&quot;3&quot;:3},{&quot;1&quot;:1,&quot;2&quot;:0,&quot;4&quot;:1}]},&quot;9&quot;:0,&quot;11&quot;:4,&quot;12&quot;:0,&quot;14&quot;:{&quot;1&quot;:2,&quot;2&quot;:0},&quot;15&quot;:&quot;Calibri, sans-serif&quot;,&quot;16&quot;:11}\">Vivez le luxe de nos suites Privil\u00e8ge, d&rsquo;\u00e9l\u00e9gants duplex avec grand salon, deux salles de bain et une magnifique chambre double. Les meubles de designer et l\u2019\u00e9clairage innovant composent un havre intime et accueillant.<\/span><\/p>\n","protected":false},"excerpt":{"rendered":"<p>Vivez le luxe de nos suites Privil\u00e8ge, d&rsquo;\u00e9l\u00e9gants duplex avec grand salon, deux salles de bain et une magnifique chambre double. Les meubles de designer et l\u2019\u00e9clairage innovant composent un havre intime et accueillant.<\/p>\n","protected":false},"author":40,"featured_media":0,"parent":218,"menu_order":15,"comment_status":"closed","ping_status":"closed","template":"template-room.php","meta":{"footnotes":""},"categories":[20],"class_list":["post-221","page","type-page","status-publish","hentry","category-suite-fr"],"acf":[],"yoast_head":"<!-- This site is optimized with the Yoast SEO plugin v26.9 - https:\/\/yoast.com\/product\/yoast-seo-wordpress\/ -->\n<title>Privilege Suite - Hotel Palazzo Tirso Cagliari - MGallery -<\/title>\n<meta name=\"description\" content=\"Vivez le luxe de nos suites Privil\u00e8ge, d&#039;\u00e9l\u00e9gants duplex avec grand salon, deux salles de bain et une magnifique chambre double\" \/>\n<meta name=\"robots\" content=\"index, follow, max-snippet:-1, max-image-preview:large, max-video-preview:-1\" \/>\n<link rel=\"canonical\" href=\"https:\/\/www.palazzotirsocagliari.com\/fr\/chambres-suites\/premium-suite\/\" \/>\n<meta property=\"og:locale\" content=\"fr_FR\" \/>\n<meta property=\"og:type\" content=\"article\" \/>\n<meta property=\"og:title\" content=\"Privilege Suite - Hotel Palazzo Tirso Cagliari - MGallery -\" \/>\n<meta property=\"og:description\" content=\"Vivez le luxe de nos suites Privil\u00e8ge, d&#039;\u00e9l\u00e9gants duplex avec grand salon, deux salles de bain et une magnifique chambre double\" \/>\n<meta property=\"og:url\" content=\"https:\/\/www.palazzotirsocagliari.com\/fr\/chambres-suites\/premium-suite\/\" \/>\n<meta property=\"og:site_name\" content=\"Hotel Palazzo Tirso Cagliari - MGallery\" \/>\n<meta property=\"article:modified_time\" content=\"2024-03-12T15:56:26+00:00\" \/>\n<meta property=\"og:image\" content=\"https:\/\/www.palazzotirsocagliari.com\/wp-content\/uploads\/sites\/15\/2023\/11\/og_slide.jpg\" \/>\n\t<meta property=\"og:image:width\" content=\"2200\" \/>\n\t<meta property=\"og:image:height\" content=\"1200\" \/>\n\t<meta property=\"og:image:type\" content=\"image\/jpeg\" \/>\n<meta name=\"twitter:card\" content=\"summary_large_image\" \/>\n<meta name=\"twitter:label1\" content=\"Dur\u00e9e de lecture est.\" \/>\n\t<meta name=\"twitter:data1\" content=\"1 minute\" \/>\n<script type=\"application\/ld+json\" class=\"yoast-schema-graph\">{\"@context\":\"https:\/\/schema.org\",\"@graph\":[{\"@type\":\"WebPage\",\"@id\":\"https:\/\/www.palazzotirsocagliari.com\/fr\/chambres-suites\/premium-suite\/\",\"url\":\"https:\/\/www.palazzotirsocagliari.com\/fr\/chambres-suites\/premium-suite\/\",\"name\":\"Privilege Suite - Hotel Palazzo Tirso Cagliari - MGallery -\",\"isPartOf\":{\"@id\":\"https:\/\/www.palazzotirsocagliari.com\/#website\"},\"datePublished\":\"2022-06-20T08:36:37+00:00\",\"dateModified\":\"2024-03-12T15:56:26+00:00\",\"description\":\"Vivez le luxe de nos suites Privil\u00e8ge, d'\u00e9l\u00e9gants duplex avec grand salon, deux salles de bain et une magnifique chambre double\",\"breadcrumb\":{\"@id\":\"https:\/\/www.palazzotirsocagliari.com\/fr\/chambres-suites\/premium-suite\/#breadcrumb\"},\"inLanguage\":\"fr-FR\",\"potentialAction\":[{\"@type\":\"ReadAction\",\"target\":[\"https:\/\/www.palazzotirsocagliari.com\/fr\/chambres-suites\/premium-suite\/\"]}]},{\"@type\":\"BreadcrumbList\",\"@id\":\"https:\/\/www.palazzotirsocagliari.com\/fr\/chambres-suites\/premium-suite\/#breadcrumb\",\"itemListElement\":[{\"@type\":\"ListItem\",\"position\":1,\"name\":\"Home\",\"item\":\"https:\/\/www.palazzotirsocagliari.com\/fr\/\"},{\"@type\":\"ListItem\",\"position\":2,\"name\":\"Chambres &amp; Suites\",\"item\":\"https:\/\/www.palazzotirsocagliari.com\/fr\/chambres-suites\/\"},{\"@type\":\"ListItem\",\"position\":3,\"name\":\"Privilege Suite\"}]},{\"@type\":\"WebSite\",\"@id\":\"https:\/\/www.palazzotirsocagliari.com\/#website\",\"url\":\"https:\/\/www.palazzotirsocagliari.com\/\",\"name\":\"Hotel Palazzo Tirso Cagliari - MGallery\",\"description\":\"Just another D-Edge Accor V2 Sites Hosting site\",\"potentialAction\":[{\"@type\":\"SearchAction\",\"target\":{\"@type\":\"EntryPoint\",\"urlTemplate\":\"https:\/\/www.palazzotirsocagliari.com\/?s={search_term_string}\"},\"query-input\":{\"@type\":\"PropertyValueSpecification\",\"valueRequired\":true,\"valueName\":\"search_term_string\"}}],\"inLanguage\":\"fr-FR\"}]}<\/script>\n<!-- \/ Yoast SEO plugin. -->","yoast_head_json":{"title":"Privilege Suite - Hotel Palazzo Tirso Cagliari - MGallery -","description":"Vivez le luxe de nos suites Privil\u00e8ge, d'\u00e9l\u00e9gants duplex avec grand salon, deux salles de bain et une magnifique chambre double","robots":{"index":"index","follow":"follow","max-snippet":"max-snippet:-1","max-image-preview":"max-image-preview:large","max-video-preview":"max-video-preview:-1"},"canonical":"https:\/\/www.palazzotirsocagliari.com\/fr\/chambres-suites\/premium-suite\/","og_locale":"fr_FR","og_type":"article","og_title":"Privilege Suite - Hotel Palazzo Tirso Cagliari - MGallery -","og_description":"Vivez le luxe de nos suites Privil\u00e8ge, d'\u00e9l\u00e9gants duplex avec grand salon, deux salles de bain et une magnifique chambre double","og_url":"https:\/\/www.palazzotirsocagliari.com\/fr\/chambres-suites\/premium-suite\/","og_site_name":"Hotel Palazzo Tirso Cagliari - MGallery","article_modified_time":"2024-03-12T15:56:26+00:00","og_image":[{"width":2200,"height":1200,"url":"https:\/\/www.palazzotirsocagliari.com\/wp-content\/uploads\/sites\/15\/2023\/11\/og_slide.jpg","type":"image\/jpeg"}],"twitter_card":"summary_large_image","twitter_misc":{"Dur\u00e9e de lecture est.":"1 minute"},"schema":{"@context":"https:\/\/schema.org","@graph":[{"@type":"WebPage","@id":"https:\/\/www.palazzotirsocagliari.com\/fr\/chambres-suites\/premium-suite\/","url":"https:\/\/www.palazzotirsocagliari.com\/fr\/chambres-suites\/premium-suite\/","name":"Privilege Suite - Hotel Palazzo Tirso Cagliari - MGallery -","isPartOf":{"@id":"https:\/\/www.palazzotirsocagliari.com\/#website"},"datePublished":"2022-06-20T08:36:37+00:00","dateModified":"2024-03-12T15:56:26+00:00","description":"Vivez le luxe de nos suites Privil\u00e8ge, d'\u00e9l\u00e9gants duplex avec grand salon, deux salles de bain et une magnifique chambre double","breadcrumb":{"@id":"https:\/\/www.palazzotirsocagliari.com\/fr\/chambres-suites\/premium-suite\/#breadcrumb"},"inLanguage":"fr-FR","potentialAction":[{"@type":"ReadAction","target":["https:\/\/www.palazzotirsocagliari.com\/fr\/chambres-suites\/premium-suite\/"]}]},{"@type":"BreadcrumbList","@id":"https:\/\/www.palazzotirsocagliari.com\/fr\/chambres-suites\/premium-suite\/#breadcrumb","itemListElement":[{"@type":"ListItem","position":1,"name":"Home","item":"https:\/\/www.palazzotirsocagliari.com\/fr\/"},{"@type":"ListItem","position":2,"name":"Chambres &amp; Suites","item":"https:\/\/www.palazzotirsocagliari.com\/fr\/chambres-suites\/"},{"@type":"ListItem","position":3,"name":"Privilege Suite"}]},{"@type":"WebSite","@id":"https:\/\/www.palazzotirsocagliari.com\/#website","url":"https:\/\/www.palazzotirsocagliari.com\/","name":"Hotel Palazzo Tirso Cagliari - MGallery","description":"Just another D-Edge Accor V2 Sites Hosting site","potentialAction":[{"@type":"SearchAction","target":{"@type":"EntryPoint","urlTemplate":"https:\/\/www.palazzotirsocagliari.com\/?s={search_term_string}"},"query-input":{"@type":"PropertyValueSpecification","valueRequired":true,"valueName":"search_term_string"}}],"inLanguage":"fr-FR"}]}},"_links":{"self":[{"href":"https:\/\/www.palazzotirsocagliari.com\/fr\/wp-json\/wp\/v2\/pages\/221","targetHints":{"allow":["GET"]}}],"collection":[{"href":"https:\/\/www.palazzotirsocagliari.com\/fr\/wp-json\/wp\/v2\/pages"}],"about":[{"href":"https:\/\/www.palazzotirsocagliari.com\/fr\/wp-json\/wp\/v2\/types\/page"}],"author":[{"embeddable":true,"href":"https:\/\/www.palazzotirsocagliari.com\/fr\/wp-json\/wp\/v2\/users\/40"}],"replies":[{"embeddable":true,"href":"https:\/\/www.palazzotirsocagliari.com\/fr\/wp-json\/wp\/v2\/comments?post=221"}],"version-history":[{"count":0,"href":"https:\/\/www.palazzotirsocagliari.com\/fr\/wp-json\/wp\/v2\/pages\/221\/revisions"}],"up":[{"embeddable":true,"href":"https:\/\/www.palazzotirsocagliari.com\/fr\/wp-json\/wp\/v2\/pages\/218"}],"wp:attachment":[{"href":"https:\/\/www.palazzotirsocagliari.com\/fr\/wp-json\/wp\/v2\/media?parent=221"}],"wp:term":[{"taxonomy":"category","embeddable":true,"href":"https:\/\/www.palazzotirsocagliari.com\/fr\/wp-json\/wp\/v2\/categories?post=221"}],"curies":[{"name":"wp","href":"https:\/\/api.w.org\/{rel}","templated":true}]}}