{"id":222,"date":"2022-06-20T08:38:22","date_gmt":"2022-06-20T08:38:22","guid":{"rendered":"https:\/\/www.palazzotirsocagliari.com\/?page_id=222"},"modified":"2022-06-20T08:38:22","modified_gmt":"2022-06-20T08:38:22","slug":"presidential-suite","status":"publish","type":"page","link":"https:\/\/www.palazzotirsocagliari.com\/fr\/chambres-suites\/presidential-suite\/","title":{"rendered":"Presidential Suite"},"content":{"rendered":"<p>Caract\u00e9ris\u00e9e par la pr\u00e9sence de deux balcons privatifs avec vue imprenable sur la ville et le Golfo degli Angeli, notre Suite Pr\u00e9sidentielle Marina 1926 offre une exp\u00e9rience de luxe et de confort absolu : sur deux niveaux avec un grand espace living, un espace nuit confortable et deux salles de bains avec une splendide douche et bain hydro massant.<\/p>\n","protected":false},"excerpt":{"rendered":"<p>Caract\u00e9ris\u00e9e par la pr\u00e9sence de deux balcons privatifs avec vue imprenable sur la ville et le Golfo degli Angeli, notre Suite Pr\u00e9sidentielle Marina 1926 offre une exp\u00e9rience de luxe et de confort absolu : sur deux niveaux avec un grand espace living, un espace nuit confortable et deux salles de bains avec une splendide douche [&hellip;]<\/p>\n","protected":false},"author":40,"featured_media":0,"parent":218,"menu_order":15,"comment_status":"closed","ping_status":"closed","template":"template-room.php","meta":{"footnotes":""},"categories":[20],"class_list":["post-222","page","type-page","status-publish","hentry","category-suite-fr"],"acf":[],"yoast_head":"<!-- This site is optimized with the Yoast SEO plugin v26.9 - https:\/\/yoast.com\/product\/yoast-seo-wordpress\/ -->\n<title>Presidential Suite - Hotel Palazzo Tirso Cagliari - MGallery -<\/title>\n<meta name=\"description\" content=\"Caract\u00e9ris\u00e9e par la pr\u00e9sence de deux balcons privatifs avec vue imprenable sur la ville et le Golfo degli Angeli, notre Suite Pr\u00e9sidentielle Marina 1926 offre une exp\u00e9rience de luxe et de confort absolu : sur deux niveaux avec un grand espace living, un espace nuit confortable et deux salles de bains avec une splendide douche et bain hydro massant..\" \/>\n<meta name=\"robots\" content=\"index, follow, max-snippet:-1, max-image-preview:large, max-video-preview:-1\" \/>\n<link rel=\"canonical\" href=\"https:\/\/www.palazzotirsocagliari.com\/fr\/chambres-suites\/presidential-suite\/\" \/>\n<meta property=\"og:locale\" content=\"fr_FR\" \/>\n<meta property=\"og:type\" content=\"article\" \/>\n<meta property=\"og:title\" content=\"Presidential Suite - Hotel Palazzo Tirso Cagliari - MGallery -\" \/>\n<meta property=\"og:description\" content=\"Caract\u00e9ris\u00e9e par la pr\u00e9sence de deux balcons privatifs avec vue imprenable sur la ville et le Golfo degli Angeli, notre Suite Pr\u00e9sidentielle Marina 1926 offre une exp\u00e9rience de luxe et de confort absolu : sur deux niveaux avec un grand espace living, un espace nuit confortable et deux salles de bains avec une splendide douche et bain hydro massant..\" \/>\n<meta property=\"og:url\" content=\"https:\/\/www.palazzotirsocagliari.com\/fr\/chambres-suites\/presidential-suite\/\" \/>\n<meta property=\"og:site_name\" content=\"Hotel Palazzo Tirso Cagliari - MGallery\" \/>\n<meta property=\"og:image\" content=\"https:\/\/www.palazzotirsocagliari.com\/wp-content\/uploads\/sites\/15\/2023\/11\/og_slide.jpg\" \/>\n\t<meta property=\"og:image:width\" content=\"2200\" \/>\n\t<meta property=\"og:image:height\" content=\"1200\" \/>\n\t<meta property=\"og:image:type\" content=\"image\/jpeg\" \/>\n<meta name=\"twitter:card\" content=\"summary_large_image\" \/>\n<meta name=\"twitter:label1\" content=\"Dur\u00e9e de lecture est.\" \/>\n\t<meta name=\"twitter:data1\" content=\"1 minute\" \/>\n<script type=\"application\/ld+json\" class=\"yoast-schema-graph\">{\"@context\":\"https:\/\/schema.org\",\"@graph\":[{\"@type\":\"WebPage\",\"@id\":\"https:\/\/www.palazzotirsocagliari.com\/fr\/chambres-suites\/presidential-suite\/\",\"url\":\"https:\/\/www.palazzotirsocagliari.com\/fr\/chambres-suites\/presidential-suite\/\",\"name\":\"Presidential Suite - Hotel Palazzo Tirso Cagliari - MGallery -\",\"isPartOf\":{\"@id\":\"https:\/\/www.palazzotirsocagliari.com\/#website\"},\"datePublished\":\"2022-06-20T08:38:22+00:00\",\"description\":\"Caract\u00e9ris\u00e9e par la pr\u00e9sence de deux balcons privatifs avec vue imprenable sur la ville et le Golfo degli Angeli, notre Suite Pr\u00e9sidentielle Marina 1926 offre une exp\u00e9rience de luxe et de confort absolu : sur deux niveaux avec un grand espace living, un espace nuit confortable et deux salles de bains avec une splendide douche et bain hydro massant..\",\"breadcrumb\":{\"@id\":\"https:\/\/www.palazzotirsocagliari.com\/fr\/chambres-suites\/presidential-suite\/#breadcrumb\"},\"inLanguage\":\"fr-FR\",\"potentialAction\":[{\"@type\":\"ReadAction\",\"target\":[\"https:\/\/www.palazzotirsocagliari.com\/fr\/chambres-suites\/presidential-suite\/\"]}]},{\"@type\":\"BreadcrumbList\",\"@id\":\"https:\/\/www.palazzotirsocagliari.com\/fr\/chambres-suites\/presidential-suite\/#breadcrumb\",\"itemListElement\":[{\"@type\":\"ListItem\",\"position\":1,\"name\":\"Home\",\"item\":\"https:\/\/www.palazzotirsocagliari.com\/fr\/\"},{\"@type\":\"ListItem\",\"position\":2,\"name\":\"Chambres &amp; Suites\",\"item\":\"https:\/\/www.palazzotirsocagliari.com\/fr\/chambres-suites\/\"},{\"@type\":\"ListItem\",\"position\":3,\"name\":\"Presidential Suite\"}]},{\"@type\":\"WebSite\",\"@id\":\"https:\/\/www.palazzotirsocagliari.com\/#website\",\"url\":\"https:\/\/www.palazzotirsocagliari.com\/\",\"name\":\"Hotel Palazzo Tirso Cagliari - MGallery\",\"description\":\"Just another D-Edge Accor V2 Sites Hosting site\",\"potentialAction\":[{\"@type\":\"SearchAction\",\"target\":{\"@type\":\"EntryPoint\",\"urlTemplate\":\"https:\/\/www.palazzotirsocagliari.com\/?s={search_term_string}\"},\"query-input\":{\"@type\":\"PropertyValueSpecification\",\"valueRequired\":true,\"valueName\":\"search_term_string\"}}],\"inLanguage\":\"fr-FR\"}]}<\/script>\n<!-- \/ Yoast SEO plugin. -->","yoast_head_json":{"title":"Presidential Suite - Hotel Palazzo Tirso Cagliari - MGallery -","description":"Caract\u00e9ris\u00e9e par la pr\u00e9sence de deux balcons privatifs avec vue imprenable sur la ville et le Golfo degli Angeli, notre Suite Pr\u00e9sidentielle Marina 1926 offre une exp\u00e9rience de luxe et de confort absolu : sur deux niveaux avec un grand espace living, un espace nuit confortable et deux salles de bains avec une splendide douche et bain hydro massant..","robots":{"index":"index","follow":"follow","max-snippet":"max-snippet:-1","max-image-preview":"max-image-preview:large","max-video-preview":"max-video-preview:-1"},"canonical":"https:\/\/www.palazzotirsocagliari.com\/fr\/chambres-suites\/presidential-suite\/","og_locale":"fr_FR","og_type":"article","og_title":"Presidential Suite - Hotel Palazzo Tirso Cagliari - MGallery -","og_description":"Caract\u00e9ris\u00e9e par la pr\u00e9sence de deux balcons privatifs avec vue imprenable sur la ville et le Golfo degli Angeli, notre Suite Pr\u00e9sidentielle Marina 1926 offre une exp\u00e9rience de luxe et de confort absolu : sur deux niveaux avec un grand espace living, un espace nuit confortable et deux salles de bains avec une splendide douche et bain hydro massant..","og_url":"https:\/\/www.palazzotirsocagliari.com\/fr\/chambres-suites\/presidential-suite\/","og_site_name":"Hotel Palazzo Tirso Cagliari - MGallery","og_image":[{"width":2200,"height":1200,"url":"https:\/\/www.palazzotirsocagliari.com\/wp-content\/uploads\/sites\/15\/2023\/11\/og_slide.jpg","type":"image\/jpeg"}],"twitter_card":"summary_large_image","twitter_misc":{"Dur\u00e9e de lecture est.":"1 minute"},"schema":{"@context":"https:\/\/schema.org","@graph":[{"@type":"WebPage","@id":"https:\/\/www.palazzotirsocagliari.com\/fr\/chambres-suites\/presidential-suite\/","url":"https:\/\/www.palazzotirsocagliari.com\/fr\/chambres-suites\/presidential-suite\/","name":"Presidential Suite - Hotel Palazzo Tirso Cagliari - MGallery -","isPartOf":{"@id":"https:\/\/www.palazzotirsocagliari.com\/#website"},"datePublished":"2022-06-20T08:38:22+00:00","description":"Caract\u00e9ris\u00e9e par la pr\u00e9sence de deux balcons privatifs avec vue imprenable sur la ville et le Golfo degli Angeli, notre Suite Pr\u00e9sidentielle Marina 1926 offre une exp\u00e9rience de luxe et de confort absolu : sur deux niveaux avec un grand espace living, un espace nuit confortable et deux salles de bains avec une splendide douche et bain hydro massant..","breadcrumb":{"@id":"https:\/\/www.palazzotirsocagliari.com\/fr\/chambres-suites\/presidential-suite\/#breadcrumb"},"inLanguage":"fr-FR","potentialAction":[{"@type":"ReadAction","target":["https:\/\/www.palazzotirsocagliari.com\/fr\/chambres-suites\/presidential-suite\/"]}]},{"@type":"BreadcrumbList","@id":"https:\/\/www.palazzotirsocagliari.com\/fr\/chambres-suites\/presidential-suite\/#breadcrumb","itemListElement":[{"@type":"ListItem","position":1,"name":"Home","item":"https:\/\/www.palazzotirsocagliari.com\/fr\/"},{"@type":"ListItem","position":2,"name":"Chambres &amp; Suites","item":"https:\/\/www.palazzotirsocagliari.com\/fr\/chambres-suites\/"},{"@type":"ListItem","position":3,"name":"Presidential Suite"}]},{"@type":"WebSite","@id":"https:\/\/www.palazzotirsocagliari.com\/#website","url":"https:\/\/www.palazzotirsocagliari.com\/","name":"Hotel Palazzo Tirso Cagliari - MGallery","description":"Just another D-Edge Accor V2 Sites Hosting site","potentialAction":[{"@type":"SearchAction","target":{"@type":"EntryPoint","urlTemplate":"https:\/\/www.palazzotirsocagliari.com\/?s={search_term_string}"},"query-input":{"@type":"PropertyValueSpecification","valueRequired":true,"valueName":"search_term_string"}}],"inLanguage":"fr-FR"}]}},"_links":{"self":[{"href":"https:\/\/www.palazzotirsocagliari.com\/fr\/wp-json\/wp\/v2\/pages\/222","targetHints":{"allow":["GET"]}}],"collection":[{"href":"https:\/\/www.palazzotirsocagliari.com\/fr\/wp-json\/wp\/v2\/pages"}],"about":[{"href":"https:\/\/www.palazzotirsocagliari.com\/fr\/wp-json\/wp\/v2\/types\/page"}],"author":[{"embeddable":true,"href":"https:\/\/www.palazzotirsocagliari.com\/fr\/wp-json\/wp\/v2\/users\/40"}],"replies":[{"embeddable":true,"href":"https:\/\/www.palazzotirsocagliari.com\/fr\/wp-json\/wp\/v2\/comments?post=222"}],"version-history":[{"count":0,"href":"https:\/\/www.palazzotirsocagliari.com\/fr\/wp-json\/wp\/v2\/pages\/222\/revisions"}],"up":[{"embeddable":true,"href":"https:\/\/www.palazzotirsocagliari.com\/fr\/wp-json\/wp\/v2\/pages\/218"}],"wp:attachment":[{"href":"https:\/\/www.palazzotirsocagliari.com\/fr\/wp-json\/wp\/v2\/media?parent=222"}],"wp:term":[{"taxonomy":"category","embeddable":true,"href":"https:\/\/www.palazzotirsocagliari.com\/fr\/wp-json\/wp\/v2\/categories?post=222"}],"curies":[{"name":"wp","href":"https:\/\/api.w.org\/{rel}","templated":true}]}}