{"id":226,"date":"2022-06-20T08:44:03","date_gmt":"2022-06-20T08:44:03","guid":{"rendered":"https:\/\/www.palazzotirsocagliari.com\/?page_id=226"},"modified":"2024-06-13T11:09:51","modified_gmt":"2024-06-13T11:09:51","slug":"salles-de-reunions","status":"publish","type":"page","link":"https:\/\/www.palazzotirsocagliari.com\/fr\/salles-de-reunions\/","title":{"rendered":"Salles de r\u00e9unions"},"content":{"rendered":"<p>3 salles de conf\u00e9rence pour un total de 180 m\u00b2, d&rsquo;espace modulaire capable d&rsquo;accueillir des r\u00e9unions et des \u00e9v\u00e9nements jusqu&rsquo;\u00e0 90 participants. Toutes les salles b\u00e9n\u00e9ficient de la lumi\u00e8re naturelle et sont \u00e9quip\u00e9es d&rsquo;une technologie de pointe.<\/p>\n","protected":false},"excerpt":{"rendered":"<p>3 salles de conf\u00e9rence pour un total de 180 m\u00b2, d&rsquo;espace modulaire capable d&rsquo;accueillir des r\u00e9unions et des \u00e9v\u00e9nements jusqu&rsquo;\u00e0 90 participants. Toutes les salles b\u00e9n\u00e9ficient de la lumi\u00e8re naturelle et sont \u00e9quip\u00e9es d&rsquo;une technologie de pointe.<\/p>\n","protected":false},"author":40,"featured_media":0,"parent":0,"menu_order":30,"comment_status":"closed","ping_status":"closed","template":"template-meeting-room.php","meta":{"footnotes":""},"categories":[],"class_list":["post-226","page","type-page","status-publish","hentry"],"acf":[],"yoast_head":"<!-- This site is optimized with the Yoast SEO plugin v26.9 - https:\/\/yoast.com\/product\/yoast-seo-wordpress\/ -->\n<title>Salles de r\u00e9unions - Hotel Palazzo Tirso Cagliari - MGallery -<\/title>\n<meta name=\"description\" content=\"3 salles de conf\u00e9rence pour un total de 180 m\u00b2, d&#039;espace modulaire capable d&#039;accueillir des r\u00e9unions et des \u00e9v\u00e9nements jusqu&#039;\u00e0 90 participants. Toutes les salles b\u00e9n\u00e9ficient de la lumi\u00e8re naturelle et sont \u00e9quip\u00e9es d&#039;une technologie de pointe.\" \/>\n<meta name=\"robots\" content=\"index, follow, max-snippet:-1, max-image-preview:large, max-video-preview:-1\" \/>\n<link rel=\"canonical\" href=\"https:\/\/www.palazzotirsocagliari.com\/fr\/salles-de-reunions\/\" \/>\n<meta property=\"og:locale\" content=\"fr_FR\" \/>\n<meta property=\"og:type\" content=\"article\" \/>\n<meta property=\"og:title\" content=\"Salles de r\u00e9unions - Hotel Palazzo Tirso Cagliari - MGallery -\" \/>\n<meta property=\"og:description\" content=\"3 salles de conf\u00e9rence pour un total de 180 m\u00b2, d&#039;espace modulaire capable d&#039;accueillir des r\u00e9unions et des \u00e9v\u00e9nements jusqu&#039;\u00e0 90 participants. Toutes les salles b\u00e9n\u00e9ficient de la lumi\u00e8re naturelle et sont \u00e9quip\u00e9es d&#039;une technologie de pointe.\" \/>\n<meta property=\"og:url\" content=\"https:\/\/www.palazzotirsocagliari.com\/fr\/salles-de-reunions\/\" \/>\n<meta property=\"og:site_name\" content=\"Hotel Palazzo Tirso Cagliari - MGallery\" \/>\n<meta property=\"article:modified_time\" content=\"2024-06-13T11:09:51+00:00\" \/>\n<meta property=\"og:image\" content=\"https:\/\/www.palazzotirsocagliari.com\/wp-content\/uploads\/sites\/15\/2023\/11\/og_slide.jpg\" \/>\n\t<meta property=\"og:image:width\" content=\"2200\" \/>\n\t<meta property=\"og:image:height\" content=\"1200\" \/>\n\t<meta property=\"og:image:type\" content=\"image\/jpeg\" \/>\n<meta name=\"twitter:card\" content=\"summary_large_image\" \/>\n<meta name=\"twitter:label1\" content=\"Dur\u00e9e de lecture est.\" \/>\n\t<meta name=\"twitter:data1\" content=\"1 minute\" \/>\n<script type=\"application\/ld+json\" class=\"yoast-schema-graph\">{\"@context\":\"https:\/\/schema.org\",\"@graph\":[{\"@type\":\"WebPage\",\"@id\":\"https:\/\/www.palazzotirsocagliari.com\/fr\/salles-de-reunions\/\",\"url\":\"https:\/\/www.palazzotirsocagliari.com\/fr\/salles-de-reunions\/\",\"name\":\"Salles de r\u00e9unions - Hotel Palazzo Tirso Cagliari - MGallery -\",\"isPartOf\":{\"@id\":\"https:\/\/www.palazzotirsocagliari.com\/#website\"},\"datePublished\":\"2022-06-20T08:44:03+00:00\",\"dateModified\":\"2024-06-13T11:09:51+00:00\",\"description\":\"3 salles de conf\u00e9rence pour un total de 180 m\u00b2, d'espace modulaire capable d'accueillir des r\u00e9unions et des \u00e9v\u00e9nements jusqu'\u00e0 90 participants. Toutes les salles b\u00e9n\u00e9ficient de la lumi\u00e8re naturelle et sont \u00e9quip\u00e9es d'une technologie de pointe.\",\"breadcrumb\":{\"@id\":\"https:\/\/www.palazzotirsocagliari.com\/fr\/salles-de-reunions\/#breadcrumb\"},\"inLanguage\":\"fr-FR\",\"potentialAction\":[{\"@type\":\"ReadAction\",\"target\":[\"https:\/\/www.palazzotirsocagliari.com\/fr\/salles-de-reunions\/\"]}]},{\"@type\":\"BreadcrumbList\",\"@id\":\"https:\/\/www.palazzotirsocagliari.com\/fr\/salles-de-reunions\/#breadcrumb\",\"itemListElement\":[{\"@type\":\"ListItem\",\"position\":1,\"name\":\"Home\",\"item\":\"https:\/\/www.palazzotirsocagliari.com\/fr\/\"},{\"@type\":\"ListItem\",\"position\":2,\"name\":\"Salles de r\u00e9unions\"}]},{\"@type\":\"WebSite\",\"@id\":\"https:\/\/www.palazzotirsocagliari.com\/#website\",\"url\":\"https:\/\/www.palazzotirsocagliari.com\/\",\"name\":\"Hotel Palazzo Tirso Cagliari - MGallery\",\"description\":\"Just another D-Edge Accor V2 Sites Hosting site\",\"potentialAction\":[{\"@type\":\"SearchAction\",\"target\":{\"@type\":\"EntryPoint\",\"urlTemplate\":\"https:\/\/www.palazzotirsocagliari.com\/?s={search_term_string}\"},\"query-input\":{\"@type\":\"PropertyValueSpecification\",\"valueRequired\":true,\"valueName\":\"search_term_string\"}}],\"inLanguage\":\"fr-FR\"}]}<\/script>\n<!-- \/ Yoast SEO plugin. -->","yoast_head_json":{"title":"Salles de r\u00e9unions - Hotel Palazzo Tirso Cagliari - MGallery -","description":"3 salles de conf\u00e9rence pour un total de 180 m\u00b2, d'espace modulaire capable d'accueillir des r\u00e9unions et des \u00e9v\u00e9nements jusqu'\u00e0 90 participants. Toutes les salles b\u00e9n\u00e9ficient de la lumi\u00e8re naturelle et sont \u00e9quip\u00e9es d'une technologie de pointe.","robots":{"index":"index","follow":"follow","max-snippet":"max-snippet:-1","max-image-preview":"max-image-preview:large","max-video-preview":"max-video-preview:-1"},"canonical":"https:\/\/www.palazzotirsocagliari.com\/fr\/salles-de-reunions\/","og_locale":"fr_FR","og_type":"article","og_title":"Salles de r\u00e9unions - Hotel Palazzo Tirso Cagliari - MGallery -","og_description":"3 salles de conf\u00e9rence pour un total de 180 m\u00b2, d'espace modulaire capable d'accueillir des r\u00e9unions et des \u00e9v\u00e9nements jusqu'\u00e0 90 participants. Toutes les salles b\u00e9n\u00e9ficient de la lumi\u00e8re naturelle et sont \u00e9quip\u00e9es d'une technologie de pointe.","og_url":"https:\/\/www.palazzotirsocagliari.com\/fr\/salles-de-reunions\/","og_site_name":"Hotel Palazzo Tirso Cagliari - MGallery","article_modified_time":"2024-06-13T11:09:51+00:00","og_image":[{"width":2200,"height":1200,"url":"https:\/\/www.palazzotirsocagliari.com\/wp-content\/uploads\/sites\/15\/2023\/11\/og_slide.jpg","type":"image\/jpeg"}],"twitter_card":"summary_large_image","twitter_misc":{"Dur\u00e9e de lecture est.":"1 minute"},"schema":{"@context":"https:\/\/schema.org","@graph":[{"@type":"WebPage","@id":"https:\/\/www.palazzotirsocagliari.com\/fr\/salles-de-reunions\/","url":"https:\/\/www.palazzotirsocagliari.com\/fr\/salles-de-reunions\/","name":"Salles de r\u00e9unions - Hotel Palazzo Tirso Cagliari - MGallery -","isPartOf":{"@id":"https:\/\/www.palazzotirsocagliari.com\/#website"},"datePublished":"2022-06-20T08:44:03+00:00","dateModified":"2024-06-13T11:09:51+00:00","description":"3 salles de conf\u00e9rence pour un total de 180 m\u00b2, d'espace modulaire capable d'accueillir des r\u00e9unions et des \u00e9v\u00e9nements jusqu'\u00e0 90 participants. Toutes les salles b\u00e9n\u00e9ficient de la lumi\u00e8re naturelle et sont \u00e9quip\u00e9es d'une technologie de pointe.","breadcrumb":{"@id":"https:\/\/www.palazzotirsocagliari.com\/fr\/salles-de-reunions\/#breadcrumb"},"inLanguage":"fr-FR","potentialAction":[{"@type":"ReadAction","target":["https:\/\/www.palazzotirsocagliari.com\/fr\/salles-de-reunions\/"]}]},{"@type":"BreadcrumbList","@id":"https:\/\/www.palazzotirsocagliari.com\/fr\/salles-de-reunions\/#breadcrumb","itemListElement":[{"@type":"ListItem","position":1,"name":"Home","item":"https:\/\/www.palazzotirsocagliari.com\/fr\/"},{"@type":"ListItem","position":2,"name":"Salles de r\u00e9unions"}]},{"@type":"WebSite","@id":"https:\/\/www.palazzotirsocagliari.com\/#website","url":"https:\/\/www.palazzotirsocagliari.com\/","name":"Hotel Palazzo Tirso Cagliari - MGallery","description":"Just another D-Edge Accor V2 Sites Hosting site","potentialAction":[{"@type":"SearchAction","target":{"@type":"EntryPoint","urlTemplate":"https:\/\/www.palazzotirsocagliari.com\/?s={search_term_string}"},"query-input":{"@type":"PropertyValueSpecification","valueRequired":true,"valueName":"search_term_string"}}],"inLanguage":"fr-FR"}]}},"_links":{"self":[{"href":"https:\/\/www.palazzotirsocagliari.com\/fr\/wp-json\/wp\/v2\/pages\/226","targetHints":{"allow":["GET"]}}],"collection":[{"href":"https:\/\/www.palazzotirsocagliari.com\/fr\/wp-json\/wp\/v2\/pages"}],"about":[{"href":"https:\/\/www.palazzotirsocagliari.com\/fr\/wp-json\/wp\/v2\/types\/page"}],"author":[{"embeddable":true,"href":"https:\/\/www.palazzotirsocagliari.com\/fr\/wp-json\/wp\/v2\/users\/40"}],"replies":[{"embeddable":true,"href":"https:\/\/www.palazzotirsocagliari.com\/fr\/wp-json\/wp\/v2\/comments?post=226"}],"version-history":[{"count":0,"href":"https:\/\/www.palazzotirsocagliari.com\/fr\/wp-json\/wp\/v2\/pages\/226\/revisions"}],"wp:attachment":[{"href":"https:\/\/www.palazzotirsocagliari.com\/fr\/wp-json\/wp\/v2\/media?parent=226"}],"wp:term":[{"taxonomy":"category","embeddable":true,"href":"https:\/\/www.palazzotirsocagliari.com\/fr\/wp-json\/wp\/v2\/categories?post=226"}],"curies":[{"name":"wp","href":"https:\/\/api.w.org\/{rel}","templated":true}]}}