{"id":227,"date":"2022-06-20T08:46:07","date_gmt":"2022-06-20T08:46:07","guid":{"rendered":"https:\/\/www.palazzotirsocagliari.com\/?page_id=227"},"modified":"2025-09-11T10:44:54","modified_gmt":"2025-09-11T10:44:54","slug":"spa","status":"publish","type":"page","link":"https:\/\/www.palazzotirsocagliari.com\/fr\/spa\/","title":{"rendered":"SPA"},"content":{"rendered":"<p>Au Spa L\u2019OCCITANE, chaque rituel de soin, chaque mouvement, chaque produit est inspir\u00e9 par la Provence. Entrez et laissez-vous s\u00e9duire par cette ambiance unique. Le d\u00e9paysement vient d\u2019abord par le nez. D\u00e8s la porte de <em>Palazzo Tirso Spa by L\u2019Occitane<\/em>, les parfums vous emm\u00e8nent en Provence. L\u2019itin\u00e9raire des soins est un parcours olfactif, rythm\u00e9 \u00e0 chaque \u00e9tape par un parfum apaisant ou \u00e9nergisant. Un voyage prolong\u00e9 pour tous les sens par le geste, la texture des soins, la musique apaisante et ce, jusqu\u2019aux tisanes issues de la tradition des infusions proven\u00e7ales. <em>Palazzo Tirso Spa by L\u2019Occitane<\/em> est le prolongement naturel de la marque. Ainsi, par soucis d\u2019authenticit\u00e9, le choix s\u2019est impos\u00e9 de toujours pr\u00e9f\u00e9rer la main \u00e0 la machine et les techniques de massage traditionnelles \u00e0 la technologie\u2026 D\u00e8s lors, chaque instant pass\u00e9 au <em>Palazzo Tirso Spa by L\u2019OCCITANE<\/em> est un moment de bien-\u00eatre et de tranquillit\u00e9, vous invitant \u00e0 voyager, \u00e0 reprendre votre souffle et \u00e0 retrouver votre \u00e9quilibre int\u00e9rieur.<\/p>\n<p>L&rsquo;acc\u00e8s au SPA n&rsquo;est pas inclus dans le prix du s\u00e9jour. Le prix est \u20ac50,00 par personne par entr\u00e9e, pour 90 minutes avec sauna, bain turc et hydromassage. Il faut la r\u00e9serves \u00e0 l&rsquo;advance<\/p>\n<p>L&rsquo;acc\u00e8s au SPA n&rsquo;est pas autoris\u00e9 aux enfants de moins de 12 ans.<\/p>\n<p>&nbsp;<\/p>\n<script src=\"https:\/\/www.menumodo.com\/app.php\/menumodo_widget\/get\/1?outlet_id=12475&amp;lang=fr&amp;designID=d-mgal3\" data-item_id=\"12475\" data-display_mode=\"4\" data-widget_type=\"8\" data-params=\"{&quot;lightbox&quot;:{&quot;customlinkType&quot;:&quot;1&quot;,&quot;linktext&quot;:&quot;D\u00e9couvrez notre menu&quot;}}\" id=\"menumodo-widget-1\" data-source_tags=\"h\" async> <\/script>\n","protected":false},"excerpt":{"rendered":"<p>Au Spa L\u2019OCCITANE, chaque rituel de soin, chaque mouvement, chaque produit est inspir\u00e9 par la Provence. Entrez et laissez-vous s\u00e9duire par cette ambiance unique. Le d\u00e9paysement vient d\u2019abord par le nez. D\u00e8s la porte de Palazzo Tirso Spa by L\u2019Occitane, les parfums vous emm\u00e8nent en Provence. L\u2019itin\u00e9raire des soins est un parcours olfactif, rythm\u00e9 \u00e0 [&hellip;]<\/p>\n","protected":false},"author":40,"featured_media":0,"parent":0,"menu_order":50,"comment_status":"closed","ping_status":"closed","template":"template-spa.php","meta":{"footnotes":""},"categories":[],"class_list":["post-227","page","type-page","status-publish","hentry"],"acf":[],"yoast_head":"<!-- This site is optimized with the Yoast SEO plugin v26.9 - https:\/\/yoast.com\/product\/yoast-seo-wordpress\/ -->\n<title>SPA - Hotel Palazzo Tirso Cagliari - MGallery -<\/title>\n<meta name=\"description\" content=\"Au Spa L\u2019OCCITANE, chaque rituel de soin, chaque mouvement, chaque produit est inspir\u00e9 par la Provence. Entrez et laissez-vous s\u00e9duire par cette ambiance unique\" \/>\n<meta name=\"robots\" content=\"index, follow, max-snippet:-1, max-image-preview:large, max-video-preview:-1\" \/>\n<link rel=\"canonical\" href=\"https:\/\/www.palazzotirsocagliari.com\/fr\/spa\/\" \/>\n<meta property=\"og:locale\" content=\"fr_FR\" \/>\n<meta property=\"og:type\" content=\"article\" \/>\n<meta property=\"og:title\" content=\"SPA - Hotel Palazzo Tirso Cagliari - MGallery -\" \/>\n<meta property=\"og:description\" content=\"Au Spa L\u2019OCCITANE, chaque rituel de soin, chaque mouvement, chaque produit est inspir\u00e9 par la Provence. Entrez et laissez-vous s\u00e9duire par cette ambiance unique\" \/>\n<meta property=\"og:url\" content=\"https:\/\/www.palazzotirsocagliari.com\/fr\/spa\/\" \/>\n<meta property=\"og:site_name\" content=\"Hotel Palazzo Tirso Cagliari - MGallery\" \/>\n<meta property=\"article:modified_time\" content=\"2025-09-11T10:44:54+00:00\" \/>\n<meta property=\"og:image\" content=\"https:\/\/www.palazzotirsocagliari.com\/wp-content\/uploads\/sites\/15\/2023\/11\/og_slide.jpg\" \/>\n\t<meta property=\"og:image:width\" content=\"2200\" \/>\n\t<meta property=\"og:image:height\" content=\"1200\" \/>\n\t<meta property=\"og:image:type\" content=\"image\/jpeg\" \/>\n<meta name=\"twitter:card\" content=\"summary_large_image\" \/>\n<meta name=\"twitter:label1\" content=\"Dur\u00e9e de lecture est.\" \/>\n\t<meta name=\"twitter:data1\" content=\"1 minute\" \/>\n<script type=\"application\/ld+json\" class=\"yoast-schema-graph\">{\"@context\":\"https:\/\/schema.org\",\"@graph\":[{\"@type\":\"WebPage\",\"@id\":\"https:\/\/www.palazzotirsocagliari.com\/fr\/spa\/\",\"url\":\"https:\/\/www.palazzotirsocagliari.com\/fr\/spa\/\",\"name\":\"SPA - Hotel Palazzo Tirso Cagliari - MGallery -\",\"isPartOf\":{\"@id\":\"https:\/\/www.palazzotirsocagliari.com\/#website\"},\"datePublished\":\"2022-06-20T08:46:07+00:00\",\"dateModified\":\"2025-09-11T10:44:54+00:00\",\"description\":\"Au Spa L\u2019OCCITANE, chaque rituel de soin, chaque mouvement, chaque produit est inspir\u00e9 par la Provence. Entrez et laissez-vous s\u00e9duire par cette ambiance unique\",\"breadcrumb\":{\"@id\":\"https:\/\/www.palazzotirsocagliari.com\/fr\/spa\/#breadcrumb\"},\"inLanguage\":\"fr-FR\",\"potentialAction\":[{\"@type\":\"ReadAction\",\"target\":[\"https:\/\/www.palazzotirsocagliari.com\/fr\/spa\/\"]}]},{\"@type\":\"BreadcrumbList\",\"@id\":\"https:\/\/www.palazzotirsocagliari.com\/fr\/spa\/#breadcrumb\",\"itemListElement\":[{\"@type\":\"ListItem\",\"position\":1,\"name\":\"Home\",\"item\":\"https:\/\/www.palazzotirsocagliari.com\/fr\/\"},{\"@type\":\"ListItem\",\"position\":2,\"name\":\"SPA\"}]},{\"@type\":\"WebSite\",\"@id\":\"https:\/\/www.palazzotirsocagliari.com\/#website\",\"url\":\"https:\/\/www.palazzotirsocagliari.com\/\",\"name\":\"Hotel Palazzo Tirso Cagliari - MGallery\",\"description\":\"Just another D-Edge Accor V2 Sites Hosting site\",\"potentialAction\":[{\"@type\":\"SearchAction\",\"target\":{\"@type\":\"EntryPoint\",\"urlTemplate\":\"https:\/\/www.palazzotirsocagliari.com\/?s={search_term_string}\"},\"query-input\":{\"@type\":\"PropertyValueSpecification\",\"valueRequired\":true,\"valueName\":\"search_term_string\"}}],\"inLanguage\":\"fr-FR\"}]}<\/script>\n<!-- \/ Yoast SEO plugin. -->","yoast_head_json":{"title":"SPA - Hotel Palazzo Tirso Cagliari - MGallery -","description":"Au Spa L\u2019OCCITANE, chaque rituel de soin, chaque mouvement, chaque produit est inspir\u00e9 par la Provence. Entrez et laissez-vous s\u00e9duire par cette ambiance unique","robots":{"index":"index","follow":"follow","max-snippet":"max-snippet:-1","max-image-preview":"max-image-preview:large","max-video-preview":"max-video-preview:-1"},"canonical":"https:\/\/www.palazzotirsocagliari.com\/fr\/spa\/","og_locale":"fr_FR","og_type":"article","og_title":"SPA - Hotel Palazzo Tirso Cagliari - MGallery -","og_description":"Au Spa L\u2019OCCITANE, chaque rituel de soin, chaque mouvement, chaque produit est inspir\u00e9 par la Provence. Entrez et laissez-vous s\u00e9duire par cette ambiance unique","og_url":"https:\/\/www.palazzotirsocagliari.com\/fr\/spa\/","og_site_name":"Hotel Palazzo Tirso Cagliari - MGallery","article_modified_time":"2025-09-11T10:44:54+00:00","og_image":[{"width":2200,"height":1200,"url":"https:\/\/www.palazzotirsocagliari.com\/wp-content\/uploads\/sites\/15\/2023\/11\/og_slide.jpg","type":"image\/jpeg"}],"twitter_card":"summary_large_image","twitter_misc":{"Dur\u00e9e de lecture est.":"1 minute"},"schema":{"@context":"https:\/\/schema.org","@graph":[{"@type":"WebPage","@id":"https:\/\/www.palazzotirsocagliari.com\/fr\/spa\/","url":"https:\/\/www.palazzotirsocagliari.com\/fr\/spa\/","name":"SPA - Hotel Palazzo Tirso Cagliari - MGallery -","isPartOf":{"@id":"https:\/\/www.palazzotirsocagliari.com\/#website"},"datePublished":"2022-06-20T08:46:07+00:00","dateModified":"2025-09-11T10:44:54+00:00","description":"Au Spa L\u2019OCCITANE, chaque rituel de soin, chaque mouvement, chaque produit est inspir\u00e9 par la Provence. Entrez et laissez-vous s\u00e9duire par cette ambiance unique","breadcrumb":{"@id":"https:\/\/www.palazzotirsocagliari.com\/fr\/spa\/#breadcrumb"},"inLanguage":"fr-FR","potentialAction":[{"@type":"ReadAction","target":["https:\/\/www.palazzotirsocagliari.com\/fr\/spa\/"]}]},{"@type":"BreadcrumbList","@id":"https:\/\/www.palazzotirsocagliari.com\/fr\/spa\/#breadcrumb","itemListElement":[{"@type":"ListItem","position":1,"name":"Home","item":"https:\/\/www.palazzotirsocagliari.com\/fr\/"},{"@type":"ListItem","position":2,"name":"SPA"}]},{"@type":"WebSite","@id":"https:\/\/www.palazzotirsocagliari.com\/#website","url":"https:\/\/www.palazzotirsocagliari.com\/","name":"Hotel Palazzo Tirso Cagliari - MGallery","description":"Just another D-Edge Accor V2 Sites Hosting site","potentialAction":[{"@type":"SearchAction","target":{"@type":"EntryPoint","urlTemplate":"https:\/\/www.palazzotirsocagliari.com\/?s={search_term_string}"},"query-input":{"@type":"PropertyValueSpecification","valueRequired":true,"valueName":"search_term_string"}}],"inLanguage":"fr-FR"}]}},"_links":{"self":[{"href":"https:\/\/www.palazzotirsocagliari.com\/fr\/wp-json\/wp\/v2\/pages\/227","targetHints":{"allow":["GET"]}}],"collection":[{"href":"https:\/\/www.palazzotirsocagliari.com\/fr\/wp-json\/wp\/v2\/pages"}],"about":[{"href":"https:\/\/www.palazzotirsocagliari.com\/fr\/wp-json\/wp\/v2\/types\/page"}],"author":[{"embeddable":true,"href":"https:\/\/www.palazzotirsocagliari.com\/fr\/wp-json\/wp\/v2\/users\/40"}],"replies":[{"embeddable":true,"href":"https:\/\/www.palazzotirsocagliari.com\/fr\/wp-json\/wp\/v2\/comments?post=227"}],"version-history":[{"count":0,"href":"https:\/\/www.palazzotirsocagliari.com\/fr\/wp-json\/wp\/v2\/pages\/227\/revisions"}],"wp:attachment":[{"href":"https:\/\/www.palazzotirsocagliari.com\/fr\/wp-json\/wp\/v2\/media?parent=227"}],"wp:term":[{"taxonomy":"category","embeddable":true,"href":"https:\/\/www.palazzotirsocagliari.com\/fr\/wp-json\/wp\/v2\/categories?post=227"}],"curies":[{"name":"wp","href":"https:\/\/api.w.org\/{rel}","templated":true}]}}