{"id":229,"date":"2022-06-20T08:48:33","date_gmt":"2022-06-20T08:48:33","guid":{"rendered":"https:\/\/www.palazzotirsocagliari.com\/?page_id=229"},"modified":"2022-06-20T08:49:17","modified_gmt":"2022-06-20T08:49:17","slug":"position","status":"publish","type":"page","link":"https:\/\/www.palazzotirsocagliari.com\/fr\/position\/","title":{"rendered":"Position"},"content":{"rendered":"<p>L&rsquo;h\u00f4tel est situ\u00e9 face au port touristique de Cagliari, \u00e0 quelques pas de la centrale Via Roma et du c\u0153ur battant de la ville. Sa position privil\u00e9gi\u00e9e en fait le point de d\u00e9part id\u00e9al pour visiter les principales attractions touristiques de la \u00ab\u00a0ville du soleil\u00a0\u00bb dispers\u00e9es entre les quatre quartiers historiques Marina, Stampace, Castello et Villanova.<\/p>\n<p>Avec une jolie promenade \u00e0 pied se trouvent le bastion de San Remy, la tour de l&rsquo;\u00e9l\u00e9phant et de San Pancrazio, l&rsquo;amphith\u00e9\u00e2tre romain, le jardin botanique et la citadelle des mus\u00e9es.<\/p>\n<p>A moins de 10 minutes en voiture, vous pourrez \u00e9galement rejoindre la c\u00e9l\u00e8bre plage du Poetto, une promenade anim\u00e9e qui propose de nombreuses activit\u00e9s pour s&rsquo;adonner au loisir ou faire du sport.<\/p>\n","protected":false},"excerpt":{"rendered":"<p>L&rsquo;h\u00f4tel est situ\u00e9 face au port touristique de Cagliari, \u00e0 quelques pas de la centrale Via Roma et du c\u0153ur battant de la ville. Sa position privil\u00e9gi\u00e9e en fait le point de d\u00e9part id\u00e9al pour visiter les principales attractions touristiques de la \u00ab\u00a0ville du soleil\u00a0\u00bb dispers\u00e9es entre les quatre quartiers historiques Marina, Stampace, Castello et [&hellip;]<\/p>\n","protected":false},"author":40,"featured_media":0,"parent":0,"menu_order":60,"comment_status":"closed","ping_status":"closed","template":"template-location.php","meta":{"footnotes":""},"categories":[],"class_list":["post-229","page","type-page","status-publish","hentry"],"acf":[],"yoast_head":"<!-- This site is optimized with the Yoast SEO plugin v26.9 - https:\/\/yoast.com\/product\/yoast-seo-wordpress\/ -->\n<title>Position - Hotel Palazzo Tirso Cagliari - MGallery -<\/title>\n<meta name=\"description\" content=\"L&#039;h\u00f4tel est situ\u00e9 face au port touristique de Cagliari, \u00e0 quelques pas de la centrale Via Roma et du c\u0153ur battant de la ville. Sa position privil\u00e9gi\u00e9e en fait le point de d\u00e9part id\u00e9al pour visiter les principales attractions touristiques de la &quot;ville du soleil&quot; dispers\u00e9es entre les quatre quartiers historiques Marina, Stampace, Castello et Villanova.  Avec une jolie promenade \u00e0 pied se trouvent le bastion de San Remy, la tour de l&#039;\u00e9l\u00e9phant et de San Pancrazio, l&#039;amphith\u00e9\u00e2tre romain, le jardin botanique et la citadelle des mus\u00e9es.  A moins de 10 minutes en voiture, vous pourrez \u00e9galement rejoindre la c\u00e9l\u00e8bre plage du Poetto, une promenade anim\u00e9e qui propose de nombreuses activit\u00e9s pour s&#039;adonner au loisir ou faire du sport.\" \/>\n<meta name=\"robots\" content=\"index, follow, max-snippet:-1, max-image-preview:large, max-video-preview:-1\" \/>\n<link rel=\"canonical\" href=\"https:\/\/www.palazzotirsocagliari.com\/fr\/position\/\" \/>\n<meta property=\"og:locale\" content=\"fr_FR\" \/>\n<meta property=\"og:type\" content=\"article\" \/>\n<meta property=\"og:title\" content=\"Position - Hotel Palazzo Tirso Cagliari - MGallery -\" \/>\n<meta property=\"og:description\" content=\"L&#039;h\u00f4tel est situ\u00e9 face au port touristique de Cagliari, \u00e0 quelques pas de la centrale Via Roma et du c\u0153ur battant de la ville. Sa position privil\u00e9gi\u00e9e en fait le point de d\u00e9part id\u00e9al pour visiter les principales attractions touristiques de la &quot;ville du soleil&quot; dispers\u00e9es entre les quatre quartiers historiques Marina, Stampace, Castello et Villanova.  Avec une jolie promenade \u00e0 pied se trouvent le bastion de San Remy, la tour de l&#039;\u00e9l\u00e9phant et de San Pancrazio, l&#039;amphith\u00e9\u00e2tre romain, le jardin botanique et la citadelle des mus\u00e9es.  A moins de 10 minutes en voiture, vous pourrez \u00e9galement rejoindre la c\u00e9l\u00e8bre plage du Poetto, une promenade anim\u00e9e qui propose de nombreuses activit\u00e9s pour s&#039;adonner au loisir ou faire du sport.\" \/>\n<meta property=\"og:url\" content=\"https:\/\/www.palazzotirsocagliari.com\/fr\/position\/\" \/>\n<meta property=\"og:site_name\" content=\"Hotel Palazzo Tirso Cagliari - MGallery\" \/>\n<meta property=\"article:modified_time\" content=\"2022-06-20T08:49:17+00:00\" \/>\n<meta property=\"og:image\" content=\"https:\/\/www.palazzotirsocagliari.com\/wp-content\/uploads\/sites\/15\/2023\/11\/og_slide.jpg\" \/>\n\t<meta property=\"og:image:width\" content=\"2200\" \/>\n\t<meta property=\"og:image:height\" content=\"1200\" \/>\n\t<meta property=\"og:image:type\" content=\"image\/jpeg\" \/>\n<meta name=\"twitter:card\" content=\"summary_large_image\" \/>\n<meta name=\"twitter:label1\" content=\"Dur\u00e9e de lecture est.\" \/>\n\t<meta name=\"twitter:data1\" content=\"1 minute\" \/>\n<script type=\"application\/ld+json\" class=\"yoast-schema-graph\">{\"@context\":\"https:\/\/schema.org\",\"@graph\":[{\"@type\":\"WebPage\",\"@id\":\"https:\/\/www.palazzotirsocagliari.com\/fr\/position\/\",\"url\":\"https:\/\/www.palazzotirsocagliari.com\/fr\/position\/\",\"name\":\"Position - Hotel Palazzo Tirso Cagliari - MGallery -\",\"isPartOf\":{\"@id\":\"https:\/\/www.palazzotirsocagliari.com\/#website\"},\"datePublished\":\"2022-06-20T08:48:33+00:00\",\"dateModified\":\"2022-06-20T08:49:17+00:00\",\"description\":\"L'h\u00f4tel est situ\u00e9 face au port touristique de Cagliari, \u00e0 quelques pas de la centrale Via Roma et du c\u0153ur battant de la ville. Sa position privil\u00e9gi\u00e9e en fait le point de d\u00e9part id\u00e9al pour visiter les principales attractions touristiques de la \\\"ville du soleil\\\" dispers\u00e9es entre les quatre quartiers historiques Marina, Stampace, Castello et Villanova. Avec une jolie promenade \u00e0 pied se trouvent le bastion de San Remy, la tour de l'\u00e9l\u00e9phant et de San Pancrazio, l'amphith\u00e9\u00e2tre romain, le jardin botanique et la citadelle des mus\u00e9es. A moins de 10 minutes en voiture, vous pourrez \u00e9galement rejoindre la c\u00e9l\u00e8bre plage du Poetto, une promenade anim\u00e9e qui propose de nombreuses activit\u00e9s pour s'adonner au loisir ou faire du sport.\",\"breadcrumb\":{\"@id\":\"https:\/\/www.palazzotirsocagliari.com\/fr\/position\/#breadcrumb\"},\"inLanguage\":\"fr-FR\",\"potentialAction\":[{\"@type\":\"ReadAction\",\"target\":[\"https:\/\/www.palazzotirsocagliari.com\/fr\/position\/\"]}]},{\"@type\":\"BreadcrumbList\",\"@id\":\"https:\/\/www.palazzotirsocagliari.com\/fr\/position\/#breadcrumb\",\"itemListElement\":[{\"@type\":\"ListItem\",\"position\":1,\"name\":\"Home\",\"item\":\"https:\/\/www.palazzotirsocagliari.com\/fr\/\"},{\"@type\":\"ListItem\",\"position\":2,\"name\":\"Position\"}]},{\"@type\":\"WebSite\",\"@id\":\"https:\/\/www.palazzotirsocagliari.com\/#website\",\"url\":\"https:\/\/www.palazzotirsocagliari.com\/\",\"name\":\"Hotel Palazzo Tirso Cagliari - MGallery\",\"description\":\"Just another D-Edge Accor V2 Sites Hosting site\",\"potentialAction\":[{\"@type\":\"SearchAction\",\"target\":{\"@type\":\"EntryPoint\",\"urlTemplate\":\"https:\/\/www.palazzotirsocagliari.com\/?s={search_term_string}\"},\"query-input\":{\"@type\":\"PropertyValueSpecification\",\"valueRequired\":true,\"valueName\":\"search_term_string\"}}],\"inLanguage\":\"fr-FR\"}]}<\/script>\n<!-- \/ Yoast SEO plugin. -->","yoast_head_json":{"title":"Position - Hotel Palazzo Tirso Cagliari - MGallery -","description":"L'h\u00f4tel est situ\u00e9 face au port touristique de Cagliari, \u00e0 quelques pas de la centrale Via Roma et du c\u0153ur battant de la ville. Sa position privil\u00e9gi\u00e9e en fait le point de d\u00e9part id\u00e9al pour visiter les principales attractions touristiques de la \"ville du soleil\" dispers\u00e9es entre les quatre quartiers historiques Marina, Stampace, Castello et Villanova.  Avec une jolie promenade \u00e0 pied se trouvent le bastion de San Remy, la tour de l'\u00e9l\u00e9phant et de San Pancrazio, l'amphith\u00e9\u00e2tre romain, le jardin botanique et la citadelle des mus\u00e9es.  A moins de 10 minutes en voiture, vous pourrez \u00e9galement rejoindre la c\u00e9l\u00e8bre plage du Poetto, une promenade anim\u00e9e qui propose de nombreuses activit\u00e9s pour s'adonner au loisir ou faire du sport.","robots":{"index":"index","follow":"follow","max-snippet":"max-snippet:-1","max-image-preview":"max-image-preview:large","max-video-preview":"max-video-preview:-1"},"canonical":"https:\/\/www.palazzotirsocagliari.com\/fr\/position\/","og_locale":"fr_FR","og_type":"article","og_title":"Position - Hotel Palazzo Tirso Cagliari - MGallery -","og_description":"L'h\u00f4tel est situ\u00e9 face au port touristique de Cagliari, \u00e0 quelques pas de la centrale Via Roma et du c\u0153ur battant de la ville. Sa position privil\u00e9gi\u00e9e en fait le point de d\u00e9part id\u00e9al pour visiter les principales attractions touristiques de la \"ville du soleil\" dispers\u00e9es entre les quatre quartiers historiques Marina, Stampace, Castello et Villanova.  Avec une jolie promenade \u00e0 pied se trouvent le bastion de San Remy, la tour de l'\u00e9l\u00e9phant et de San Pancrazio, l'amphith\u00e9\u00e2tre romain, le jardin botanique et la citadelle des mus\u00e9es.  A moins de 10 minutes en voiture, vous pourrez \u00e9galement rejoindre la c\u00e9l\u00e8bre plage du Poetto, une promenade anim\u00e9e qui propose de nombreuses activit\u00e9s pour s'adonner au loisir ou faire du sport.","og_url":"https:\/\/www.palazzotirsocagliari.com\/fr\/position\/","og_site_name":"Hotel Palazzo Tirso Cagliari - MGallery","article_modified_time":"2022-06-20T08:49:17+00:00","og_image":[{"width":2200,"height":1200,"url":"https:\/\/www.palazzotirsocagliari.com\/wp-content\/uploads\/sites\/15\/2023\/11\/og_slide.jpg","type":"image\/jpeg"}],"twitter_card":"summary_large_image","twitter_misc":{"Dur\u00e9e de lecture est.":"1 minute"},"schema":{"@context":"https:\/\/schema.org","@graph":[{"@type":"WebPage","@id":"https:\/\/www.palazzotirsocagliari.com\/fr\/position\/","url":"https:\/\/www.palazzotirsocagliari.com\/fr\/position\/","name":"Position - Hotel Palazzo Tirso Cagliari - MGallery -","isPartOf":{"@id":"https:\/\/www.palazzotirsocagliari.com\/#website"},"datePublished":"2022-06-20T08:48:33+00:00","dateModified":"2022-06-20T08:49:17+00:00","description":"L'h\u00f4tel est situ\u00e9 face au port touristique de Cagliari, \u00e0 quelques pas de la centrale Via Roma et du c\u0153ur battant de la ville. Sa position privil\u00e9gi\u00e9e en fait le point de d\u00e9part id\u00e9al pour visiter les principales attractions touristiques de la \"ville du soleil\" dispers\u00e9es entre les quatre quartiers historiques Marina, Stampace, Castello et Villanova. Avec une jolie promenade \u00e0 pied se trouvent le bastion de San Remy, la tour de l'\u00e9l\u00e9phant et de San Pancrazio, l'amphith\u00e9\u00e2tre romain, le jardin botanique et la citadelle des mus\u00e9es. A moins de 10 minutes en voiture, vous pourrez \u00e9galement rejoindre la c\u00e9l\u00e8bre plage du Poetto, une promenade anim\u00e9e qui propose de nombreuses activit\u00e9s pour s'adonner au loisir ou faire du sport.","breadcrumb":{"@id":"https:\/\/www.palazzotirsocagliari.com\/fr\/position\/#breadcrumb"},"inLanguage":"fr-FR","potentialAction":[{"@type":"ReadAction","target":["https:\/\/www.palazzotirsocagliari.com\/fr\/position\/"]}]},{"@type":"BreadcrumbList","@id":"https:\/\/www.palazzotirsocagliari.com\/fr\/position\/#breadcrumb","itemListElement":[{"@type":"ListItem","position":1,"name":"Home","item":"https:\/\/www.palazzotirsocagliari.com\/fr\/"},{"@type":"ListItem","position":2,"name":"Position"}]},{"@type":"WebSite","@id":"https:\/\/www.palazzotirsocagliari.com\/#website","url":"https:\/\/www.palazzotirsocagliari.com\/","name":"Hotel Palazzo Tirso Cagliari - MGallery","description":"Just another D-Edge Accor V2 Sites Hosting site","potentialAction":[{"@type":"SearchAction","target":{"@type":"EntryPoint","urlTemplate":"https:\/\/www.palazzotirsocagliari.com\/?s={search_term_string}"},"query-input":{"@type":"PropertyValueSpecification","valueRequired":true,"valueName":"search_term_string"}}],"inLanguage":"fr-FR"}]}},"_links":{"self":[{"href":"https:\/\/www.palazzotirsocagliari.com\/fr\/wp-json\/wp\/v2\/pages\/229","targetHints":{"allow":["GET"]}}],"collection":[{"href":"https:\/\/www.palazzotirsocagliari.com\/fr\/wp-json\/wp\/v2\/pages"}],"about":[{"href":"https:\/\/www.palazzotirsocagliari.com\/fr\/wp-json\/wp\/v2\/types\/page"}],"author":[{"embeddable":true,"href":"https:\/\/www.palazzotirsocagliari.com\/fr\/wp-json\/wp\/v2\/users\/40"}],"replies":[{"embeddable":true,"href":"https:\/\/www.palazzotirsocagliari.com\/fr\/wp-json\/wp\/v2\/comments?post=229"}],"version-history":[{"count":0,"href":"https:\/\/www.palazzotirsocagliari.com\/fr\/wp-json\/wp\/v2\/pages\/229\/revisions"}],"wp:attachment":[{"href":"https:\/\/www.palazzotirsocagliari.com\/fr\/wp-json\/wp\/v2\/media?parent=229"}],"wp:term":[{"taxonomy":"category","embeddable":true,"href":"https:\/\/www.palazzotirsocagliari.com\/fr\/wp-json\/wp\/v2\/categories?post=229"}],"curies":[{"name":"wp","href":"https:\/\/api.w.org\/{rel}","templated":true}]}}