{"id":231,"date":"2022-06-20T08:51:55","date_gmt":"2022-06-20T08:51:55","guid":{"rendered":"https:\/\/www.palazzotirsocagliari.com\/?page_id=231"},"modified":"2022-06-20T08:54:32","modified_gmt":"2022-06-20T08:54:32","slug":"stories-that-stay","status":"publish","type":"page","link":"https:\/\/www.palazzotirsocagliari.com\/fr\/stories-that-stay\/","title":{"rendered":"Stories that stay"},"content":{"rendered":"<p><em>Sa B\u00e9rtula ou sacoche sarde, est un produit textile que l&rsquo;on trouve couramment sur tout le territoire <\/em><em>R\u00e9gionale, elle a des origines tr\u00e8s anciennes et elle est fortement li\u00e9e \u00e0 la vie quotidienne et aux traditions de la Sardaigne.<\/em><\/p>\n<p><em>Il se compose d&rsquo;une seule bande de tissu, r\u00e9alis\u00e9e sur le m\u00e9tier \u00e0 tisser. Il peut \u00eatre en fil de laine, coton ou lin. Aux extr\u00e9mit\u00e9s, la bande est pli\u00e9e et cousue sur les bords, pour former deux grandes poches.<\/em><\/p>\n<p><em>Il faisait partie des artefacts textiles pour le travail des agriculteurs et des bergers et \u00e9tait port\u00e9 sur l&rsquo;\u00e9paule par l&rsquo;homme, ou plac\u00e9 sur le dos du cheval ou de l&rsquo;\u00e2ne, et gardait le n\u00e9cessaire au voyage et repr\u00e9sentait l&rsquo;essence m\u00eame du voyage.<\/em><\/p>\n<p><em>Aujourd&rsquo;hui Sa B\u00e9rtula est avant tout une pi\u00e8ce de collection, \u00e0 exposer \u00e0 la fois comme d\u00e9coration d&rsquo;int\u00e9rieur et lors de festivals et de f\u00eates de l\u2019ile. En fait, il y a plusieurs artisans qui reproduisent les artefacts traditionnel, pour satisfaire la demande toujours croissante non seulement localement.<\/em><\/p>\n","protected":false},"excerpt":{"rendered":"<p>Sa B\u00e9rtula ou sacoche sarde, est un produit textile que l&rsquo;on trouve couramment sur tout le territoire R\u00e9gionale, elle a des origines tr\u00e8s anciennes et elle est fortement li\u00e9e \u00e0 la vie quotidienne et aux traditions de la Sardaigne. Il se compose d&rsquo;une seule bande de tissu, r\u00e9alis\u00e9e sur le m\u00e9tier \u00e0 tisser. Il peut [&hellip;]<\/p>\n","protected":false},"author":40,"featured_media":0,"parent":0,"menu_order":99,"comment_status":"closed","ping_status":"closed","template":"template-stories-that-stay.php","meta":{"footnotes":""},"categories":[],"class_list":["post-231","page","type-page","status-publish","hentry"],"acf":[],"yoast_head":"<!-- This site is optimized with the Yoast SEO plugin v26.9 - https:\/\/yoast.com\/product\/yoast-seo-wordpress\/ -->\n<title>Stories that stay - Hotel Palazzo Tirso Cagliari - MGallery -<\/title>\n<meta name=\"description\" content=\"Sa B\u00e9rtula ou sacoche sarde, est un produit textile que l&#039;on trouve couramment sur tout le territoire R\u00e9gionale, elle a des origines tr\u00e8s anciennes et elle est fortement li\u00e9e \u00e0 la vie quotidienne et aux traditions de la Sardaigne.  Il se compose d&#039;une seule bande de tissu, r\u00e9alis\u00e9e sur le m\u00e9tier \u00e0 tisser. Il peut \u00eatre en fil de laine, coton ou lin\" \/>\n<meta name=\"robots\" content=\"index, follow, max-snippet:-1, max-image-preview:large, max-video-preview:-1\" \/>\n<link rel=\"canonical\" href=\"https:\/\/www.palazzotirsocagliari.com\/fr\/stories-that-stay\/\" \/>\n<meta property=\"og:locale\" content=\"fr_FR\" \/>\n<meta property=\"og:type\" content=\"article\" \/>\n<meta property=\"og:title\" content=\"Stories that stay - Hotel Palazzo Tirso Cagliari - MGallery -\" \/>\n<meta property=\"og:description\" content=\"Sa B\u00e9rtula ou sacoche sarde, est un produit textile que l&#039;on trouve couramment sur tout le territoire R\u00e9gionale, elle a des origines tr\u00e8s anciennes et elle est fortement li\u00e9e \u00e0 la vie quotidienne et aux traditions de la Sardaigne.  Il se compose d&#039;une seule bande de tissu, r\u00e9alis\u00e9e sur le m\u00e9tier \u00e0 tisser. Il peut \u00eatre en fil de laine, coton ou lin\" \/>\n<meta property=\"og:url\" content=\"https:\/\/www.palazzotirsocagliari.com\/fr\/stories-that-stay\/\" \/>\n<meta property=\"og:site_name\" content=\"Hotel Palazzo Tirso Cagliari - MGallery\" \/>\n<meta property=\"article:modified_time\" content=\"2022-06-20T08:54:32+00:00\" \/>\n<meta property=\"og:image\" content=\"https:\/\/www.palazzotirsocagliari.com\/wp-content\/uploads\/sites\/15\/2023\/11\/og_slide.jpg\" \/>\n\t<meta property=\"og:image:width\" content=\"2200\" \/>\n\t<meta property=\"og:image:height\" content=\"1200\" \/>\n\t<meta property=\"og:image:type\" content=\"image\/jpeg\" \/>\n<meta name=\"twitter:card\" content=\"summary_large_image\" \/>\n<meta name=\"twitter:label1\" content=\"Dur\u00e9e de lecture est.\" \/>\n\t<meta name=\"twitter:data1\" content=\"1 minute\" \/>\n<script type=\"application\/ld+json\" class=\"yoast-schema-graph\">{\"@context\":\"https:\/\/schema.org\",\"@graph\":[{\"@type\":\"WebPage\",\"@id\":\"https:\/\/www.palazzotirsocagliari.com\/fr\/stories-that-stay\/\",\"url\":\"https:\/\/www.palazzotirsocagliari.com\/fr\/stories-that-stay\/\",\"name\":\"Stories that stay - Hotel Palazzo Tirso Cagliari - MGallery -\",\"isPartOf\":{\"@id\":\"https:\/\/www.palazzotirsocagliari.com\/#website\"},\"datePublished\":\"2022-06-20T08:51:55+00:00\",\"dateModified\":\"2022-06-20T08:54:32+00:00\",\"description\":\"Sa B\u00e9rtula ou sacoche sarde, est un produit textile que l'on trouve couramment sur tout le territoire R\u00e9gionale, elle a des origines tr\u00e8s anciennes et elle est fortement li\u00e9e \u00e0 la vie quotidienne et aux traditions de la Sardaigne. Il se compose d'une seule bande de tissu, r\u00e9alis\u00e9e sur le m\u00e9tier \u00e0 tisser. Il peut \u00eatre en fil de laine, coton ou lin\",\"breadcrumb\":{\"@id\":\"https:\/\/www.palazzotirsocagliari.com\/fr\/stories-that-stay\/#breadcrumb\"},\"inLanguage\":\"fr-FR\",\"potentialAction\":[{\"@type\":\"ReadAction\",\"target\":[\"https:\/\/www.palazzotirsocagliari.com\/fr\/stories-that-stay\/\"]}]},{\"@type\":\"BreadcrumbList\",\"@id\":\"https:\/\/www.palazzotirsocagliari.com\/fr\/stories-that-stay\/#breadcrumb\",\"itemListElement\":[{\"@type\":\"ListItem\",\"position\":1,\"name\":\"Home\",\"item\":\"https:\/\/www.palazzotirsocagliari.com\/fr\/\"},{\"@type\":\"ListItem\",\"position\":2,\"name\":\"Stories that stay\"}]},{\"@type\":\"WebSite\",\"@id\":\"https:\/\/www.palazzotirsocagliari.com\/#website\",\"url\":\"https:\/\/www.palazzotirsocagliari.com\/\",\"name\":\"Hotel Palazzo Tirso Cagliari - MGallery\",\"description\":\"Just another D-Edge Accor V2 Sites Hosting site\",\"potentialAction\":[{\"@type\":\"SearchAction\",\"target\":{\"@type\":\"EntryPoint\",\"urlTemplate\":\"https:\/\/www.palazzotirsocagliari.com\/?s={search_term_string}\"},\"query-input\":{\"@type\":\"PropertyValueSpecification\",\"valueRequired\":true,\"valueName\":\"search_term_string\"}}],\"inLanguage\":\"fr-FR\"}]}<\/script>\n<!-- \/ Yoast SEO plugin. -->","yoast_head_json":{"title":"Stories that stay - Hotel Palazzo Tirso Cagliari - MGallery -","description":"Sa B\u00e9rtula ou sacoche sarde, est un produit textile que l'on trouve couramment sur tout le territoire R\u00e9gionale, elle a des origines tr\u00e8s anciennes et elle est fortement li\u00e9e \u00e0 la vie quotidienne et aux traditions de la Sardaigne.  Il se compose d'une seule bande de tissu, r\u00e9alis\u00e9e sur le m\u00e9tier \u00e0 tisser. Il peut \u00eatre en fil de laine, coton ou lin","robots":{"index":"index","follow":"follow","max-snippet":"max-snippet:-1","max-image-preview":"max-image-preview:large","max-video-preview":"max-video-preview:-1"},"canonical":"https:\/\/www.palazzotirsocagliari.com\/fr\/stories-that-stay\/","og_locale":"fr_FR","og_type":"article","og_title":"Stories that stay - Hotel Palazzo Tirso Cagliari - MGallery -","og_description":"Sa B\u00e9rtula ou sacoche sarde, est un produit textile que l'on trouve couramment sur tout le territoire R\u00e9gionale, elle a des origines tr\u00e8s anciennes et elle est fortement li\u00e9e \u00e0 la vie quotidienne et aux traditions de la Sardaigne.  Il se compose d'une seule bande de tissu, r\u00e9alis\u00e9e sur le m\u00e9tier \u00e0 tisser. Il peut \u00eatre en fil de laine, coton ou lin","og_url":"https:\/\/www.palazzotirsocagliari.com\/fr\/stories-that-stay\/","og_site_name":"Hotel Palazzo Tirso Cagliari - MGallery","article_modified_time":"2022-06-20T08:54:32+00:00","og_image":[{"width":2200,"height":1200,"url":"https:\/\/www.palazzotirsocagliari.com\/wp-content\/uploads\/sites\/15\/2023\/11\/og_slide.jpg","type":"image\/jpeg"}],"twitter_card":"summary_large_image","twitter_misc":{"Dur\u00e9e de lecture est.":"1 minute"},"schema":{"@context":"https:\/\/schema.org","@graph":[{"@type":"WebPage","@id":"https:\/\/www.palazzotirsocagliari.com\/fr\/stories-that-stay\/","url":"https:\/\/www.palazzotirsocagliari.com\/fr\/stories-that-stay\/","name":"Stories that stay - Hotel Palazzo Tirso Cagliari - MGallery -","isPartOf":{"@id":"https:\/\/www.palazzotirsocagliari.com\/#website"},"datePublished":"2022-06-20T08:51:55+00:00","dateModified":"2022-06-20T08:54:32+00:00","description":"Sa B\u00e9rtula ou sacoche sarde, est un produit textile que l'on trouve couramment sur tout le territoire R\u00e9gionale, elle a des origines tr\u00e8s anciennes et elle est fortement li\u00e9e \u00e0 la vie quotidienne et aux traditions de la Sardaigne. Il se compose d'une seule bande de tissu, r\u00e9alis\u00e9e sur le m\u00e9tier \u00e0 tisser. Il peut \u00eatre en fil de laine, coton ou lin","breadcrumb":{"@id":"https:\/\/www.palazzotirsocagliari.com\/fr\/stories-that-stay\/#breadcrumb"},"inLanguage":"fr-FR","potentialAction":[{"@type":"ReadAction","target":["https:\/\/www.palazzotirsocagliari.com\/fr\/stories-that-stay\/"]}]},{"@type":"BreadcrumbList","@id":"https:\/\/www.palazzotirsocagliari.com\/fr\/stories-that-stay\/#breadcrumb","itemListElement":[{"@type":"ListItem","position":1,"name":"Home","item":"https:\/\/www.palazzotirsocagliari.com\/fr\/"},{"@type":"ListItem","position":2,"name":"Stories that stay"}]},{"@type":"WebSite","@id":"https:\/\/www.palazzotirsocagliari.com\/#website","url":"https:\/\/www.palazzotirsocagliari.com\/","name":"Hotel Palazzo Tirso Cagliari - MGallery","description":"Just another D-Edge Accor V2 Sites Hosting site","potentialAction":[{"@type":"SearchAction","target":{"@type":"EntryPoint","urlTemplate":"https:\/\/www.palazzotirsocagliari.com\/?s={search_term_string}"},"query-input":{"@type":"PropertyValueSpecification","valueRequired":true,"valueName":"search_term_string"}}],"inLanguage":"fr-FR"}]}},"_links":{"self":[{"href":"https:\/\/www.palazzotirsocagliari.com\/fr\/wp-json\/wp\/v2\/pages\/231","targetHints":{"allow":["GET"]}}],"collection":[{"href":"https:\/\/www.palazzotirsocagliari.com\/fr\/wp-json\/wp\/v2\/pages"}],"about":[{"href":"https:\/\/www.palazzotirsocagliari.com\/fr\/wp-json\/wp\/v2\/types\/page"}],"author":[{"embeddable":true,"href":"https:\/\/www.palazzotirsocagliari.com\/fr\/wp-json\/wp\/v2\/users\/40"}],"replies":[{"embeddable":true,"href":"https:\/\/www.palazzotirsocagliari.com\/fr\/wp-json\/wp\/v2\/comments?post=231"}],"version-history":[{"count":0,"href":"https:\/\/www.palazzotirsocagliari.com\/fr\/wp-json\/wp\/v2\/pages\/231\/revisions"}],"wp:attachment":[{"href":"https:\/\/www.palazzotirsocagliari.com\/fr\/wp-json\/wp\/v2\/media?parent=231"}],"wp:term":[{"taxonomy":"category","embeddable":true,"href":"https:\/\/www.palazzotirsocagliari.com\/fr\/wp-json\/wp\/v2\/categories?post=231"}],"curies":[{"name":"wp","href":"https:\/\/api.w.org\/{rel}","templated":true}]}}