{"id":236,"date":"2022-06-20T09:00:19","date_gmt":"2022-06-20T09:00:19","guid":{"rendered":"https:\/\/www.palazzotirsocagliari.com\/?page_id=236"},"modified":"2024-03-12T15:37:16","modified_gmt":"2024-03-12T15:37:16","slug":"memorable-moment","status":"publish","type":"page","link":"https:\/\/www.palazzotirsocagliari.com\/fr\/memorable-moment\/","title":{"rendered":"Memorable Moment"},"content":{"rendered":"<p style=\"text-align: center\">Chaque H\u00f4tel MGallery offre \u00e0 ses clients son propre Moment M\u00e9morable, une exp\u00e9rience exclusive dont on se souviendra longtemps.<\/p>\n<p style=\"text-align: center\">Le Palazzo Tirso Cagliari a choisi le catamaran, amarr\u00e9 dans le port touristique de Cagliari, juste en face de l&rsquo;h\u00f4tel.<\/p>\n<p style=\"text-align: center\">Le catamaran est disponible pour des excursions de groupe et peut \u00e9galement \u00eatre lou\u00e9 pour des \u00e9v\u00e9nements priv\u00e9s.<br \/>\nPour recevoir de plus amples informations \u00e0 ce sujet, n&rsquo;h\u00e9sitez pas \u00e0 nous contacter.<\/p>\n","protected":false},"excerpt":{"rendered":"<p>Chaque H\u00f4tel MGallery offre \u00e0 ses clients son propre Moment M\u00e9morable, une exp\u00e9rience exclusive dont on se souviendra longtemps. Le Palazzo Tirso Cagliari a choisi le catamaran, amarr\u00e9 dans le port touristique de Cagliari, juste en face de l&rsquo;h\u00f4tel. Le catamaran est disponible pour des excursions de groupe et peut \u00e9galement \u00eatre lou\u00e9 pour des [&hellip;]<\/p>\n","protected":false},"author":40,"featured_media":0,"parent":0,"menu_order":0,"comment_status":"closed","ping_status":"closed","template":"","meta":{"footnotes":""},"categories":[],"class_list":["post-236","page","type-page","status-publish","hentry"],"acf":[],"yoast_head":"<!-- This site is optimized with the Yoast SEO plugin v26.9 - https:\/\/yoast.com\/product\/yoast-seo-wordpress\/ -->\n<title>Memorable Moment - Hotel Palazzo Tirso Cagliari - MGallery -<\/title>\n<meta name=\"description\" content=\"Chaque H\u00f4tel MGallery offre \u00e0 ses clients son propre Moment M\u00e9morable, une exp\u00e9rience exclusive dont on se souviendra longtemps. Le Palazzo Tirso Cagliari a choisi le catamaran, amarr\u00e9 dans le port touristique de Cagliari, juste en face de l&#039;h\u00f4tel. Le catamaran est disponible pour des excursions de groupe et peut \u00e9galement \u00eatre lou\u00e9 pour des \u00e9v\u00e9nements priv\u00e9s. Pour recevoir de plus amples informations \u00e0 ce sujet, n&#039;h\u00e9sitez pas \u00e0 nous contacter..\" \/>\n<meta name=\"robots\" content=\"index, follow, max-snippet:-1, max-image-preview:large, max-video-preview:-1\" \/>\n<link rel=\"canonical\" href=\"https:\/\/www.palazzotirsocagliari.com\/fr\/memorable-moment\/\" \/>\n<meta property=\"og:locale\" content=\"fr_FR\" \/>\n<meta property=\"og:type\" content=\"article\" \/>\n<meta property=\"og:title\" content=\"Memorable Moment - Hotel Palazzo Tirso Cagliari - MGallery -\" \/>\n<meta property=\"og:description\" content=\"Chaque H\u00f4tel MGallery offre \u00e0 ses clients son propre Moment M\u00e9morable, une exp\u00e9rience exclusive dont on se souviendra longtemps. Le Palazzo Tirso Cagliari a choisi le catamaran, amarr\u00e9 dans le port touristique de Cagliari, juste en face de l&#039;h\u00f4tel. Le catamaran est disponible pour des excursions de groupe et peut \u00e9galement \u00eatre lou\u00e9 pour des \u00e9v\u00e9nements priv\u00e9s. Pour recevoir de plus amples informations \u00e0 ce sujet, n&#039;h\u00e9sitez pas \u00e0 nous contacter..\" \/>\n<meta property=\"og:url\" content=\"https:\/\/www.palazzotirsocagliari.com\/fr\/memorable-moment\/\" \/>\n<meta property=\"og:site_name\" content=\"Hotel Palazzo Tirso Cagliari - MGallery\" \/>\n<meta property=\"article:modified_time\" content=\"2024-03-12T15:37:16+00:00\" \/>\n<meta property=\"og:image\" content=\"https:\/\/www.palazzotirsocagliari.com\/wp-content\/uploads\/sites\/15\/2023\/11\/og_slide.jpg\" \/>\n\t<meta property=\"og:image:width\" content=\"2200\" \/>\n\t<meta property=\"og:image:height\" content=\"1200\" \/>\n\t<meta property=\"og:image:type\" content=\"image\/jpeg\" \/>\n<meta name=\"twitter:card\" content=\"summary_large_image\" \/>\n<script type=\"application\/ld+json\" class=\"yoast-schema-graph\">{\"@context\":\"https:\/\/schema.org\",\"@graph\":[{\"@type\":\"WebPage\",\"@id\":\"https:\/\/www.palazzotirsocagliari.com\/fr\/memorable-moment\/\",\"url\":\"https:\/\/www.palazzotirsocagliari.com\/fr\/memorable-moment\/\",\"name\":\"Memorable Moment - Hotel Palazzo Tirso Cagliari - MGallery -\",\"isPartOf\":{\"@id\":\"https:\/\/www.palazzotirsocagliari.com\/#website\"},\"datePublished\":\"2022-06-20T09:00:19+00:00\",\"dateModified\":\"2024-03-12T15:37:16+00:00\",\"description\":\"Chaque H\u00f4tel MGallery offre \u00e0 ses clients son propre Moment M\u00e9morable, une exp\u00e9rience exclusive dont on se souviendra longtemps. Le Palazzo Tirso Cagliari a choisi le catamaran, amarr\u00e9 dans le port touristique de Cagliari, juste en face de l'h\u00f4tel. Le catamaran est disponible pour des excursions de groupe et peut \u00e9galement \u00eatre lou\u00e9 pour des \u00e9v\u00e9nements priv\u00e9s. Pour recevoir de plus amples informations \u00e0 ce sujet, n'h\u00e9sitez pas \u00e0 nous contacter. .\",\"breadcrumb\":{\"@id\":\"https:\/\/www.palazzotirsocagliari.com\/fr\/memorable-moment\/#breadcrumb\"},\"inLanguage\":\"fr-FR\",\"potentialAction\":[{\"@type\":\"ReadAction\",\"target\":[\"https:\/\/www.palazzotirsocagliari.com\/fr\/memorable-moment\/\"]}]},{\"@type\":\"BreadcrumbList\",\"@id\":\"https:\/\/www.palazzotirsocagliari.com\/fr\/memorable-moment\/#breadcrumb\",\"itemListElement\":[{\"@type\":\"ListItem\",\"position\":1,\"name\":\"Home\",\"item\":\"https:\/\/www.palazzotirsocagliari.com\/fr\/\"},{\"@type\":\"ListItem\",\"position\":2,\"name\":\"Memorable Moment\"}]},{\"@type\":\"WebSite\",\"@id\":\"https:\/\/www.palazzotirsocagliari.com\/#website\",\"url\":\"https:\/\/www.palazzotirsocagliari.com\/\",\"name\":\"Hotel Palazzo Tirso Cagliari - MGallery\",\"description\":\"Just another D-Edge Accor V2 Sites Hosting site\",\"potentialAction\":[{\"@type\":\"SearchAction\",\"target\":{\"@type\":\"EntryPoint\",\"urlTemplate\":\"https:\/\/www.palazzotirsocagliari.com\/?s={search_term_string}\"},\"query-input\":{\"@type\":\"PropertyValueSpecification\",\"valueRequired\":true,\"valueName\":\"search_term_string\"}}],\"inLanguage\":\"fr-FR\"}]}<\/script>\n<!-- \/ Yoast SEO plugin. -->","yoast_head_json":{"title":"Memorable Moment - Hotel Palazzo Tirso Cagliari - MGallery -","description":"Chaque H\u00f4tel MGallery offre \u00e0 ses clients son propre Moment M\u00e9morable, une exp\u00e9rience exclusive dont on se souviendra longtemps. Le Palazzo Tirso Cagliari a choisi le catamaran, amarr\u00e9 dans le port touristique de Cagliari, juste en face de l'h\u00f4tel. Le catamaran est disponible pour des excursions de groupe et peut \u00e9galement \u00eatre lou\u00e9 pour des \u00e9v\u00e9nements priv\u00e9s. Pour recevoir de plus amples informations \u00e0 ce sujet, n'h\u00e9sitez pas \u00e0 nous contacter..","robots":{"index":"index","follow":"follow","max-snippet":"max-snippet:-1","max-image-preview":"max-image-preview:large","max-video-preview":"max-video-preview:-1"},"canonical":"https:\/\/www.palazzotirsocagliari.com\/fr\/memorable-moment\/","og_locale":"fr_FR","og_type":"article","og_title":"Memorable Moment - Hotel Palazzo Tirso Cagliari - MGallery -","og_description":"Chaque H\u00f4tel MGallery offre \u00e0 ses clients son propre Moment M\u00e9morable, une exp\u00e9rience exclusive dont on se souviendra longtemps. Le Palazzo Tirso Cagliari a choisi le catamaran, amarr\u00e9 dans le port touristique de Cagliari, juste en face de l'h\u00f4tel. Le catamaran est disponible pour des excursions de groupe et peut \u00e9galement \u00eatre lou\u00e9 pour des \u00e9v\u00e9nements priv\u00e9s. Pour recevoir de plus amples informations \u00e0 ce sujet, n'h\u00e9sitez pas \u00e0 nous contacter..","og_url":"https:\/\/www.palazzotirsocagliari.com\/fr\/memorable-moment\/","og_site_name":"Hotel Palazzo Tirso Cagliari - MGallery","article_modified_time":"2024-03-12T15:37:16+00:00","og_image":[{"width":2200,"height":1200,"url":"https:\/\/www.palazzotirsocagliari.com\/wp-content\/uploads\/sites\/15\/2023\/11\/og_slide.jpg","type":"image\/jpeg"}],"twitter_card":"summary_large_image","schema":{"@context":"https:\/\/schema.org","@graph":[{"@type":"WebPage","@id":"https:\/\/www.palazzotirsocagliari.com\/fr\/memorable-moment\/","url":"https:\/\/www.palazzotirsocagliari.com\/fr\/memorable-moment\/","name":"Memorable Moment - Hotel Palazzo Tirso Cagliari - MGallery -","isPartOf":{"@id":"https:\/\/www.palazzotirsocagliari.com\/#website"},"datePublished":"2022-06-20T09:00:19+00:00","dateModified":"2024-03-12T15:37:16+00:00","description":"Chaque H\u00f4tel MGallery offre \u00e0 ses clients son propre Moment M\u00e9morable, une exp\u00e9rience exclusive dont on se souviendra longtemps. Le Palazzo Tirso Cagliari a choisi le catamaran, amarr\u00e9 dans le port touristique de Cagliari, juste en face de l'h\u00f4tel. Le catamaran est disponible pour des excursions de groupe et peut \u00e9galement \u00eatre lou\u00e9 pour des \u00e9v\u00e9nements priv\u00e9s. Pour recevoir de plus amples informations \u00e0 ce sujet, n'h\u00e9sitez pas \u00e0 nous contacter. .","breadcrumb":{"@id":"https:\/\/www.palazzotirsocagliari.com\/fr\/memorable-moment\/#breadcrumb"},"inLanguage":"fr-FR","potentialAction":[{"@type":"ReadAction","target":["https:\/\/www.palazzotirsocagliari.com\/fr\/memorable-moment\/"]}]},{"@type":"BreadcrumbList","@id":"https:\/\/www.palazzotirsocagliari.com\/fr\/memorable-moment\/#breadcrumb","itemListElement":[{"@type":"ListItem","position":1,"name":"Home","item":"https:\/\/www.palazzotirsocagliari.com\/fr\/"},{"@type":"ListItem","position":2,"name":"Memorable Moment"}]},{"@type":"WebSite","@id":"https:\/\/www.palazzotirsocagliari.com\/#website","url":"https:\/\/www.palazzotirsocagliari.com\/","name":"Hotel Palazzo Tirso Cagliari - MGallery","description":"Just another D-Edge Accor V2 Sites Hosting site","potentialAction":[{"@type":"SearchAction","target":{"@type":"EntryPoint","urlTemplate":"https:\/\/www.palazzotirsocagliari.com\/?s={search_term_string}"},"query-input":{"@type":"PropertyValueSpecification","valueRequired":true,"valueName":"search_term_string"}}],"inLanguage":"fr-FR"}]}},"_links":{"self":[{"href":"https:\/\/www.palazzotirsocagliari.com\/fr\/wp-json\/wp\/v2\/pages\/236","targetHints":{"allow":["GET"]}}],"collection":[{"href":"https:\/\/www.palazzotirsocagliari.com\/fr\/wp-json\/wp\/v2\/pages"}],"about":[{"href":"https:\/\/www.palazzotirsocagliari.com\/fr\/wp-json\/wp\/v2\/types\/page"}],"author":[{"embeddable":true,"href":"https:\/\/www.palazzotirsocagliari.com\/fr\/wp-json\/wp\/v2\/users\/40"}],"replies":[{"embeddable":true,"href":"https:\/\/www.palazzotirsocagliari.com\/fr\/wp-json\/wp\/v2\/comments?post=236"}],"version-history":[{"count":0,"href":"https:\/\/www.palazzotirsocagliari.com\/fr\/wp-json\/wp\/v2\/pages\/236\/revisions"}],"wp:attachment":[{"href":"https:\/\/www.palazzotirsocagliari.com\/fr\/wp-json\/wp\/v2\/media?parent=236"}],"wp:term":[{"taxonomy":"category","embeddable":true,"href":"https:\/\/www.palazzotirsocagliari.com\/fr\/wp-json\/wp\/v2\/categories?post=236"}],"curies":[{"name":"wp","href":"https:\/\/api.w.org\/{rel}","templated":true}]}}